{"id":38239,"date":"2023-06-07T15:45:19","date_gmt":"2023-06-07T12:45:19","guid":{"rendered":"https:\/\/www.spaestonia.ee\/resort\/?page_id=38239"},"modified":"2023-06-07T16:22:35","modified_gmt":"2023-06-07T13:22:35","slug":"lemmikloom","status":"publish","type":"page","link":"https:\/\/www.spaestonia.ee\/resort\/lemmikloom\/","title":{"rendered":"Lemmikloom"},"content":{"rendered":"<p>NB! Lubame hotellis lemmikloomi ainult teatud tubadesse. Lisainfo saamiseks p\u00f6\u00f6rduge hotelli vastuv\u00f5ttu (tasuta l\u00fchinumber +372 13\u00a0550)<\/p>\n<p>Palun \u00e4ra j\u00e4ta lemmiklooma hotellituppa j\u00e4relvalveta. Tungiva vajaduse korral palume koridoripoolsele ukselingile riputada sildi:\u00a0\u201ePalun mitte h\u00e4irida\u201c. Toast lahkudes palume turvalisuse huvides j\u00e4tta oma lemmikloom alati puuri.<\/p>\n<p><strong>\u00bb\u00a0 \u00a0<\/strong>Lemmikloomaga hotelli alal jalutades kasutage kaelarihma. Looma v\u00e4ljaheited tuleb kilekotti pakituna l\u00e4himasse olmepr\u00fcgikasti visata.<br \/>\n<strong>\u00bb\u00a0<\/strong> Palume lemmikloomaga jalutada v\u00e4ljaspool hotelli parkimisala.<br \/>\n<strong>\u00bb<\/strong>\u00a0 Lemmikloomi on keelatud kaasa v\u00f5tta spaasse, hommikus\u00f6\u00f6gile ja restorani einestama minnes.<br \/>\n<strong>\u00bb\u00a0<\/strong> Hotellil on \u00f5igus n\u00f5uda, et omanik koos h\u00e4iriva lemmikloomaga lahkuks hotellist (nt koera pideva haukumise korral vms).<br \/>\n<strong>\u00bb<\/strong>\u00a0 Hotellil on \u00f5igus n\u00f5uda looma omanikult lemmiklooma poolt p\u00f5hjustatud kahjude korvamist, sh lisatasu, kui Teie tuba vajab p\u00e4rast lahkumist suurpuhastust (sh keemilist puhastust).<br \/>\n<strong>\u00bb<\/strong>\u00a0 Palume hotelli vastuv\u00f5ttu toa p\u00e4evakoristuse soovist teavitada. Eelnevalt kokku leppimata p\u00e4evakoristust ei teostata. Hotelli t\u00f6\u00f6tajate ohutuse tagamiseks ei tohi lemmikloom koristuse ajal toas viibida.<br \/>\n<strong>\u00bb<\/strong>\u00a0 Lemmiklooma k\u00e4ppade pesemisel kasutage palun selleks ette n\u00e4htud k\u00e4ppade r\u00e4tikut.<br \/>\n<strong>\u00bb<\/strong>\u00a0 Lemmikloom tohib viibida ainult selles toas, kuhu ta on registreeritud.<br \/>\n<strong>\u00bb<\/strong>\u00a0 Lemmiklooma tasu on 25 EUR\/ \u00f6\u00f6\/ lemmikloom. Lemmiklooma jaoks oleme toas valmis pannud joogikausi, r\u00e4tiku k\u00e4ppade puhastamiseks ning kilekotikesed.<br \/>\n<strong>\u00bb<\/strong>\u00a0 K\u00fcsimuste korral helistage hotelli vastuv\u00f5tu tasuta mobiili l\u00fchinumbril +372 13 550 v\u00f5i telefonil +372 440 1010.<\/p>\n","protected":false},"excerpt":{"rendered":"<p>NB! Lubame hotellis lemmikloomi ainult teatud tubadesse. Lisainfo saamiseks p\u00f6\u00f6rduge hotelli vastuv\u00f5ttu (tasuta l\u00fchinumber +372&hellip;<\/p>\n","protected":false},"author":18,"featured_media":0,"parent":0,"menu_order":0,"comment_status":"closed","ping_status":"closed","template":"","meta":{"footnotes":""},"class_list":["post-38239","page","type-page","status-publish","hentry"],"yoast_head":"<!-- This site is optimized with the Yoast SEO plugin v26.7 - https:\/\/yoast.com\/wordpress\/plugins\/seo\/ -->\n<title>Lemmikloom - ESTONIA Resort Hotel Spa<\/title>\n<meta name=\"robots\" content=\"index, follow, max-snippet:-1, max-image-preview:large, max-video-preview:-1\" \/>\n<link rel=\"canonical\" href=\"https:\/\/www.spaestonia.ee\/resort\/lemmikloom\/\" \/>\n<meta property=\"og:locale\" content=\"et_EE\" \/>\n<meta property=\"og:type\" content=\"article\" \/>\n<meta property=\"og:title\" content=\"Lemmikloom - ESTONIA Resort Hotel Spa\" \/>\n<meta property=\"og:description\" content=\"NB! Lubame hotellis lemmikloomi ainult teatud tubadesse. Lisainfo saamiseks p\u00f6\u00f6rduge hotelli vastuv\u00f5ttu (tasuta l\u00fchinumber +372&hellip;\" \/>\n<meta property=\"og:url\" content=\"https:\/\/www.spaestonia.ee\/resort\/lemmikloom\/\" \/>\n<meta property=\"og:site_name\" content=\"ESTONIA Resort Hotel Spa\" \/>\n<meta property=\"article:publisher\" content=\"https:\/\/www.facebook.com\/EstoniaResortHotel\" \/>\n<meta property=\"article:modified_time\" content=\"2023-06-07T13:22:35+00:00\" \/>\n<meta name=\"twitter:card\" content=\"summary_large_image\" \/>\n<meta name=\"twitter:label1\" content=\"Est. reading time\" \/>\n\t<meta name=\"twitter:data1\" content=\"1 minut\" \/>\n<script type=\"application\/ld+json\" class=\"yoast-schema-graph\">{\"@context\":\"https:\/\/schema.org\",\"@graph\":[{\"@type\":\"WebPage\",\"@id\":\"https:\/\/www.spaestonia.ee\/resort\/lemmikloom\/\",\"url\":\"https:\/\/www.spaestonia.ee\/resort\/lemmikloom\/\",\"name\":\"Lemmikloom - ESTONIA Resort Hotel Spa\",\"isPartOf\":{\"@id\":\"https:\/\/www.spaestonia.ee\/resort\/#website\"},\"datePublished\":\"2023-06-07T12:45:19+00:00\",\"dateModified\":\"2023-06-07T13:22:35+00:00\",\"breadcrumb\":{\"@id\":\"https:\/\/www.spaestonia.ee\/resort\/lemmikloom\/#breadcrumb\"},\"inLanguage\":\"et\",\"potentialAction\":[{\"@type\":\"ReadAction\",\"target\":[\"https:\/\/www.spaestonia.ee\/resort\/lemmikloom\/\"]}]},{\"@type\":\"BreadcrumbList\",\"@id\":\"https:\/\/www.spaestonia.ee\/resort\/lemmikloom\/#breadcrumb\",\"itemListElement\":[{\"@type\":\"ListItem\",\"position\":1,\"name\":\"Home\",\"item\":\"https:\/\/www.spaestonia.ee\/resort\/\"},{\"@type\":\"ListItem\",\"position\":2,\"name\":\"Lemmikloom\"}]},{\"@type\":\"WebSite\",\"@id\":\"https:\/\/www.spaestonia.ee\/resort\/#website\",\"url\":\"https:\/\/www.spaestonia.ee\/resort\/\",\"name\":\"ESTONIA Resort Hotel Spa\",\"description\":\"Your destination in P\u00e4rnu for wellness and events\",\"publisher\":{\"@id\":\"https:\/\/www.spaestonia.ee\/resort\/#organization\"},\"potentialAction\":[{\"@type\":\"SearchAction\",\"target\":{\"@type\":\"EntryPoint\",\"urlTemplate\":\"https:\/\/www.spaestonia.ee\/resort\/?s={search_term_string}\"},\"query-input\":{\"@type\":\"PropertyValueSpecification\",\"valueRequired\":true,\"valueName\":\"search_term_string\"}}],\"inLanguage\":\"et\"},{\"@type\":\"Organization\",\"@id\":\"https:\/\/www.spaestonia.ee\/resort\/#organization\",\"name\":\"ESTONIA Resort Hotel Spa\",\"url\":\"https:\/\/www.spaestonia.ee\/resort\/\",\"logo\":{\"@type\":\"ImageObject\",\"inLanguage\":\"et\",\"@id\":\"https:\/\/www.spaestonia.ee\/resort\/#\/schema\/logo\/image\/\",\"url\":\"https:\/\/www.spaestonia.ee\/resort\/wp-content\/uploads\/2025\/02\/resort-hotel-estonia.png\",\"contentUrl\":\"https:\/\/www.spaestonia.ee\/resort\/wp-content\/uploads\/2025\/02\/resort-hotel-estonia.png\",\"width\":400,\"height\":173,\"caption\":\"ESTONIA Resort Hotel Spa\"},\"image\":{\"@id\":\"https:\/\/www.spaestonia.ee\/resort\/#\/schema\/logo\/image\/\"},\"sameAs\":[\"https:\/\/www.facebook.com\/EstoniaResortHotel\"]}]}<\/script>\n<!-- \/ Yoast SEO plugin. -->","yoast_head_json":{"title":"Lemmikloom - ESTONIA Resort Hotel Spa","robots":{"index":"index","follow":"follow","max-snippet":"max-snippet:-1","max-image-preview":"max-image-preview:large","max-video-preview":"max-video-preview:-1"},"canonical":"https:\/\/www.spaestonia.ee\/resort\/lemmikloom\/","og_locale":"et_EE","og_type":"article","og_title":"Lemmikloom - ESTONIA Resort Hotel Spa","og_description":"NB! Lubame hotellis lemmikloomi ainult teatud tubadesse. Lisainfo saamiseks p\u00f6\u00f6rduge hotelli vastuv\u00f5ttu (tasuta l\u00fchinumber +372&hellip;","og_url":"https:\/\/www.spaestonia.ee\/resort\/lemmikloom\/","og_site_name":"ESTONIA Resort Hotel Spa","article_publisher":"https:\/\/www.facebook.com\/EstoniaResortHotel","article_modified_time":"2023-06-07T13:22:35+00:00","twitter_card":"summary_large_image","twitter_misc":{"Est. reading time":"1 minut"},"schema":{"@context":"https:\/\/schema.org","@graph":[{"@type":"WebPage","@id":"https:\/\/www.spaestonia.ee\/resort\/lemmikloom\/","url":"https:\/\/www.spaestonia.ee\/resort\/lemmikloom\/","name":"Lemmikloom - ESTONIA Resort Hotel Spa","isPartOf":{"@id":"https:\/\/www.spaestonia.ee\/resort\/#website"},"datePublished":"2023-06-07T12:45:19+00:00","dateModified":"2023-06-07T13:22:35+00:00","breadcrumb":{"@id":"https:\/\/www.spaestonia.ee\/resort\/lemmikloom\/#breadcrumb"},"inLanguage":"et","potentialAction":[{"@type":"ReadAction","target":["https:\/\/www.spaestonia.ee\/resort\/lemmikloom\/"]}]},{"@type":"BreadcrumbList","@id":"https:\/\/www.spaestonia.ee\/resort\/lemmikloom\/#breadcrumb","itemListElement":[{"@type":"ListItem","position":1,"name":"Home","item":"https:\/\/www.spaestonia.ee\/resort\/"},{"@type":"ListItem","position":2,"name":"Lemmikloom"}]},{"@type":"WebSite","@id":"https:\/\/www.spaestonia.ee\/resort\/#website","url":"https:\/\/www.spaestonia.ee\/resort\/","name":"ESTONIA Resort Hotel Spa","description":"Your destination in P\u00e4rnu for wellness and events","publisher":{"@id":"https:\/\/www.spaestonia.ee\/resort\/#organization"},"potentialAction":[{"@type":"SearchAction","target":{"@type":"EntryPoint","urlTemplate":"https:\/\/www.spaestonia.ee\/resort\/?s={search_term_string}"},"query-input":{"@type":"PropertyValueSpecification","valueRequired":true,"valueName":"search_term_string"}}],"inLanguage":"et"},{"@type":"Organization","@id":"https:\/\/www.spaestonia.ee\/resort\/#organization","name":"ESTONIA Resort Hotel Spa","url":"https:\/\/www.spaestonia.ee\/resort\/","logo":{"@type":"ImageObject","inLanguage":"et","@id":"https:\/\/www.spaestonia.ee\/resort\/#\/schema\/logo\/image\/","url":"https:\/\/www.spaestonia.ee\/resort\/wp-content\/uploads\/2025\/02\/resort-hotel-estonia.png","contentUrl":"https:\/\/www.spaestonia.ee\/resort\/wp-content\/uploads\/2025\/02\/resort-hotel-estonia.png","width":400,"height":173,"caption":"ESTONIA Resort Hotel Spa"},"image":{"@id":"https:\/\/www.spaestonia.ee\/resort\/#\/schema\/logo\/image\/"},"sameAs":["https:\/\/www.facebook.com\/EstoniaResortHotel"]}]}},"_links":{"self":[{"href":"https:\/\/www.spaestonia.ee\/resort\/wp-json\/wp\/v2\/pages\/38239","targetHints":{"allow":["GET"]}}],"collection":[{"href":"https:\/\/www.spaestonia.ee\/resort\/wp-json\/wp\/v2\/pages"}],"about":[{"href":"https:\/\/www.spaestonia.ee\/resort\/wp-json\/wp\/v2\/types\/page"}],"author":[{"embeddable":true,"href":"https:\/\/www.spaestonia.ee\/resort\/wp-json\/wp\/v2\/users\/18"}],"replies":[{"embeddable":true,"href":"https:\/\/www.spaestonia.ee\/resort\/wp-json\/wp\/v2\/comments?post=38239"}],"version-history":[{"count":2,"href":"https:\/\/www.spaestonia.ee\/resort\/wp-json\/wp\/v2\/pages\/38239\/revisions"}],"predecessor-version":[{"id":38260,"href":"https:\/\/www.spaestonia.ee\/resort\/wp-json\/wp\/v2\/pages\/38239\/revisions\/38260"}],"wp:attachment":[{"href":"https:\/\/www.spaestonia.ee\/resort\/wp-json\/wp\/v2\/media?parent=38239"}],"curies":[{"name":"wp","href":"https:\/\/api.w.org\/{rel}","templated":true}]}}