{"id":39455,"date":"2023-11-24T16:20:15","date_gmt":"2023-11-24T14:20:15","guid":{"rendered":"https:\/\/www.spaestonia.ee\/resort\/?page_id=39455"},"modified":"2026-01-12T11:05:58","modified_gmt":"2026-01-12T09:05:58","slug":"buffet-menuud-gruppidele","status":"publish","type":"page","link":"https:\/\/www.spaestonia.ee\/resort\/buffet-menuud-gruppidele\/","title":{"rendered":"Buffet-men\u00fc\u00fcd gruppidele"},"content":{"rendered":"<p><strong>ESTONIA Resort Hotel &amp; Spa\u00a0<\/strong><a href=\"https:\/\/www.spaestonia.ee\/resort\/restoran\/\">restoran NOOT<\/a>\u00a0pakub\u00a0<strong>gruppidele alates 25 k\u00fclalisest<\/strong>\u00a0buffet-men\u00fc\u00fcd, alates\u00a010 k\u00fclalisest\u00a0<a href=\"https:\/\/www.spaestonia.ee\/resort\/grupimenuud-2024\/\">grupimen\u00fc\u00fcd<\/a>\u00a0ja v\u00e4iksematele seltskondadele soovitame restorani\u00a0<a href=\"https:\/\/www.spaestonia.ee\/resort\/a-la-carte-sugismenuu\/\"><em>\u00e1 la carte<\/em>\u00a0men\u00fc\u00fcd<\/a>.<\/p>\n<p>Palume kogu grupile valida sama men\u00fc\u00fc. Ootame teie valikuid hiljemalt 4 t\u00f6\u00f6p\u00e4eva enne saabumist.<br \/>\nEridieetidega saame arvestada, kui annate meile sellest eelnevalt teada koos men\u00fc\u00fc valikuga.<\/p>\n<p>Buffet-men\u00fc\u00fcd gruppidele alates 25 k\u00fclalisest.<\/p>\n<h3><strong><em>BUFFET<\/em>-MEN\u00dc\u00dc<\/strong><\/h3>\n<h3><strong>Supibuffet 1. Hind 14 \u20ac\/in<\/strong><\/h3>\n<ul>\n<li>Lillkapsa-porgandi kreemsupp (vegan)<\/li>\n<li>Kergelt v\u00fcrtsikas kanalihaga Tom Kha<\/li>\n<li>Selge kalasupp spargelkapsaga<\/li>\n<li>Supile lisaks: hapukoor, saiakrutoonid, riivitud juust, leib, sai<\/li>\n<li>Kohv, tee, maitsevesi<\/li>\n<\/ul>\n<p>Valmistoitu on arvestatud 350 g inimese\u00a0kohta.<\/p>\n<h3><strong>Supibuffet 2. Hind 14 \u20ac\/in<\/strong><\/h3>\n<ul>\n<li>Tomati-oasupp (vegan)<\/li>\n<li>Kartuli-seenesupp suitsulihaga<\/li>\n<li>K\u00f5rvitsa-selleri p\u00fcreesupp<\/li>\n<li>Supile lisaks: hapukoor, saiakrutoonid, riivitud juust, leib, sai<\/li>\n<li>Kohv, tee, maitsevesi<\/li>\n<\/ul>\n<p>Valmistoitu on arvestatud 350 g inimese kohta.<\/p>\n<p><strong>Lisaks soovitame desserdiks<\/strong> restorani NOOT p\u00e4evakooki hinnaga 3,50 \u20ac.<\/p>\n<h3><strong>Buffet 1.\u00a0<\/strong><strong>Hind 23 \u20ac\/in<\/strong><\/h3>\n<ul>\n<li>Frillise-tomatisalat pesto kastme ja \u00fcrdikrutoonidega<\/li>\n<li>Klassikaline Kreeka salat<\/li>\n<li>R\u00f6stitud kanafilee kergelt v\u00fcrtsika Tom Kha kastmega<\/li>\n<li>Aurutatud riis k\u00f6\u00f6giviljadega<\/li>\n<li>Mustika-jogurtivaht r\u00f6stitud mustaleivapuru ja p\u00e4hklitega<\/li>\n<li>Ciabatta, kohv, tee, maitsevesi<\/li>\n<\/ul>\n<p>Valmistoitu on arvestatud 400 g inimese kohta.<\/p>\n<h3><strong>Buffet 2.\u00a0<\/strong><strong>Hind 23 \u20ac\/in<\/strong><\/h3>\n<ul>\n<li>Kurgi-paprika salat pesto kastme ja \u00fcrdikrutoonidega<\/li>\n<li>Mini mozzarella ja tomatipallidega salat<\/li>\n<li>Ahjus k\u00fcpsetatud seafilee m\u00e4dar\u00f5ikakastmega<\/li>\n<li>Kergelt koorene ahjukartul<\/li>\n<li>Vaarika-mousse riivitud \u0161okolaadi ja maasikatega<\/li>\n<li>Ciabatta, kohv, tee, maitsevesi<\/li>\n<\/ul>\n<p>Valmistoitu on arvestatud 400 g inimese kohta.<\/p>\n<h3><strong>Buffet 3.\u00a0<\/strong><strong>Hind 29 \u20ac\/in<\/strong><\/h3>\n<ul>\n<li><strong>K\u00fclmad road:<\/strong><br \/>\nV\u00e4rske salatimiks \u00fcrdikastme, riivitud parmesani ja saiakrutoonidega<br \/>\n<em>Ni\u00e7oise<\/em> salat tuunikalaga<br \/>\nCaesari salat r\u00f6stitud kanafileega<\/li>\n<li><strong>Kuumad road:<\/strong><br \/>\nPraetud valge kala, tartarkaste<br \/>\n\u00dchepajatoit suitsupeekoni ja sealihaga<br \/>\nAhjuk\u00f6\u00f6giviljad<br \/>\nAurutatud riis v\u00e4rske spinati ja k\u00f6\u00f6giviljadega<\/li>\n<li><strong>Magusad road:<\/strong><br \/>\nP\u00e4hkli-kohupiimakreem karamellikastmega<br \/>\nVirsiku-passioni toorjuustukook<\/li>\n<li>Ciabatta, kohv, tee, maitsevesi<\/li>\n<\/ul>\n<p>Valmistoitu on arvestatud 450 g inimese kohta.<\/p>\n<h3><strong>Buffet 4. Hind 29 \u20ac\/in<\/strong><\/h3>\n<ul>\n<li><strong>K\u00fclmad road:<\/strong><br \/>\nV\u00e4rske salatimiks \u00fcrdikastme, riivitud parmesani ja saiakrutoonidega<br \/>\nFeta juustu ja kolme tomati salat p\u00e4hkli\u00f5liga<br \/>\nWaldorfi salat soolal\u00f5hega<\/li>\n<li><strong>Kuumad road:<\/strong><br \/>\nAurutatud ahvenafilee, Hollandi-spinatikaste<br \/>\nGrillitud kanakintsuliha \u0161ampinjonide ja paprikaga<br \/>\nAurutatud k\u00f6\u00f6giviljad<br \/>\nAhjus k\u00fcpsetatud k\u00fc\u00fcslaugukartul<\/li>\n<li><strong>Magusad road:<\/strong><br \/>\n\u0160okolaadi-mousse kirsikisselliga<br \/>\n\u00d5una-p\u00e4hklikook (vegan)<\/li>\n<li>Ciabatta, kohv, tee, maitsevesi<\/li>\n<\/ul>\n<p>Valmistoitu on arvestatud 450 g inimese kohta.<\/p>\n<h3><strong>Buffet 5. Hind 38 \u20ac\/in<\/strong><\/h3>\n<ul>\n<li><strong>K\u00fclmad road:<br \/>\n<\/strong>\u201eV\u00e4rske salati baar\u201c: roheline salatimiks, v\u00e4rske kurk, tomat, punane sibul, hapukurk, erinevad oliivid, v\u00e4rske paprika, marineeritud seened, NOOT k\u00e4sit\u00f6\u00f6 hummus, NOOT k\u00e4sit\u00f6\u00f6 kanamaksa mousse r\u00f6stsaiaga, oliiv\u00f5likaste, seemned, krutoonid<br \/>\nIdamaine singi-nuudlisalat Teriyaki kastmega<br \/>\nCaesari salat suitsul\u00f5he ja krevettidega<br \/>\nOasalat, liha ja riisiga<\/li>\n<li><strong>Kuumad road:<br \/>\n<\/strong>Ahjul\u00f5he k\u00f6\u00f6givilja, suitsul\u00f5he-Hollandi kastme ja keedukartuliga<br \/>\n<em>Sous Vide<\/em> meetodil valmistatud veisep\u00f5sk punase veini kastmega<br \/>\nTandoori broiler riisi, k\u00f6\u00f6giviljade ja Raita kastmega<br \/>\nLillkapsagrat\u00e4\u00e4n juustuga<\/li>\n<li><strong>Magusad road:<br \/>\n<\/strong>Kirsikook vanilli-moonikastmega<br \/>\nKaramellis praetud saiaviilud mandlivahukoore ja marjakastmega<\/li>\n<li>Ciabatta kohv, tee, maitsevesi<\/li>\n<\/ul>\n<p>Valmistoitu on arvestatud 550 g inimese kohta.<\/p>\n<hr \/>\n<h2><strong>TELLIMISTINGIMUSED:<\/strong><\/h2>\n<ul>\n<li>Men\u00fc\u00fcd serveeritakse ESTONIA Resort Hotel &amp; Spa\u00a0<a href=\"https:\/\/www.spaestonia.ee\/resort\/restoran\/\">restoranis NOOT<\/a><\/li>\n<li>Buffet serveerimise aeg kuni 3 tundi<\/li>\n<li>Kehtib \u00fche men\u00fc\u00fc alusel (kogu grupile sama men\u00fc\u00fc) ja ette tellimisel hiljemalt 4 t\u00f6\u00f6p\u00e4eva. Restoranil on \u00f5igus pikendada ettetellimise t\u00e4htaega, kui n\u00f5udlus on k\u00f5rgem v\u00f5i grupp on suurem. Sel juhul saadame t\u00e4psemad tingimused e-kirja teel<\/li>\n<li>Tellimuse kogust saab muuta 10% ulatuses hiljemalt 2 t\u00f6\u00f6p\u00e4eva\u00a0enne saabumist<\/li>\n<li>Eridieetidega saame arvestada, kui annate meile sellest eelnevalt teada koos men\u00fc\u00fc valikuga.<\/li>\n<\/ul>\n<p><strong>Soovitame lisaks restoran NOOT joogikaardilt<\/strong>:<\/p>\n<ul>\n<li><strong>Tervitusjoogid<\/strong><br \/>\nVahuvein Jaume Serra Cava Brut Nature, ESP75 cl 28 \u20ac<br \/>\n<em>\u201eResort Bubbly\u201c,\u00a0<\/em>Rabarberi-vaarika vahuvein, Mamm&amp;Frukt, P\u00e4rnu, EST, 75 cl 25 \u20ac<br \/>\nLuna De Murviedro Alcohol Free Sparkling, ESP 75 cl 18\u20ac<\/li>\n<li><strong>Veinid<\/strong><br \/>\n\u2022\u00a0Valged veinid<br \/>\nPinot Grigio Organic, Barone Montalto, ITA 75 cl 29 \u20ac<br \/>\nVermentino, Chapoutier Marius, Languedoc, FRA 75 cl 34 \u20ac<br \/>\n\u2022\u00a0Punased veinid<br \/>\nMarques de Riscal, Vina Collada, Rioja, ESP 75cl 29 \u20ac<br \/>\nPinot Noir Pay`s d`Oc, Baron Philippe de Rothschild, Languedoc-Roussillon, FRA 75 cl 34\u20ac<\/li>\n<\/ul>\n<p>Restoran NOOT kogu joogivaliku\u00a0<a href=\"https:\/\/www.spaestonia.ee\/resort\/restoran\/restoran-noot-joogikaart\/\">leiate siit\u00a0\u00bb<\/a><\/p>\n<h3><strong>Lisainfo ja tellimine:<\/strong><\/h3>\n<p><a href=\"mailto:events@spaestonia.ee\">events@spaestonia.ee<\/a>, +372 440 1018<\/p>\n<p>ESTONIA Resort Hotel &amp; Spa \u2013\u00a0<a href=\"https:\/\/www.spaestonia.ee\/resort\/restoran\/\">Restoran NOOT<\/a>, A. H. Tammsaare pst 4a, P\u00e4rnu, Eesti<\/p>\n","protected":false},"excerpt":{"rendered":"<p>ESTONIA Resort Hotel &amp; Spa\u00a0restoran NOOT\u00a0pakub\u00a0gruppidele alates 25 k\u00fclalisest\u00a0buffet-men\u00fc\u00fcd, alates\u00a010 k\u00fclalisest\u00a0grupimen\u00fc\u00fcd\u00a0ja v\u00e4iksematele seltskondadele soovitame restorani\u00a0\u00e1&hellip;<\/p>\n","protected":false},"author":18,"featured_media":0,"parent":0,"menu_order":0,"comment_status":"closed","ping_status":"closed","template":"","meta":{"footnotes":""},"class_list":["post-39455","page","type-page","status-publish","hentry"],"yoast_head":"<!-- This site is optimized with the Yoast SEO plugin v26.7 - https:\/\/yoast.com\/wordpress\/plugins\/seo\/ -->\n<title>Buffet-men\u00fc\u00fcd gruppidele - ESTONIA Resort Hotel Spa<\/title>\n<meta name=\"robots\" content=\"index, follow, max-snippet:-1, max-image-preview:large, max-video-preview:-1\" \/>\n<link rel=\"canonical\" href=\"https:\/\/www.spaestonia.ee\/resort\/buffet-menuud-gruppidele\/\" \/>\n<meta property=\"og:locale\" content=\"et_EE\" \/>\n<meta property=\"og:type\" content=\"article\" \/>\n<meta property=\"og:title\" content=\"Buffet-men\u00fc\u00fcd gruppidele - ESTONIA Resort Hotel Spa\" \/>\n<meta property=\"og:description\" content=\"ESTONIA Resort Hotel &amp; Spa\u00a0restoran NOOT\u00a0pakub\u00a0gruppidele alates 25 k\u00fclalisest\u00a0buffet-men\u00fc\u00fcd, alates\u00a010 k\u00fclalisest\u00a0grupimen\u00fc\u00fcd\u00a0ja v\u00e4iksematele seltskondadele soovitame restorani\u00a0\u00e1&hellip;\" \/>\n<meta property=\"og:url\" content=\"https:\/\/www.spaestonia.ee\/resort\/buffet-menuud-gruppidele\/\" \/>\n<meta property=\"og:site_name\" content=\"ESTONIA Resort Hotel Spa\" \/>\n<meta property=\"article:publisher\" content=\"https:\/\/www.facebook.com\/EstoniaResortHotel\" \/>\n<meta property=\"article:modified_time\" content=\"2026-01-12T09:05:58+00:00\" \/>\n<meta name=\"twitter:card\" content=\"summary_large_image\" \/>\n<meta name=\"twitter:label1\" content=\"Est. reading time\" \/>\n\t<meta name=\"twitter:data1\" content=\"4 minutit\" \/>\n<script type=\"application\/ld+json\" class=\"yoast-schema-graph\">{\"@context\":\"https:\/\/schema.org\",\"@graph\":[{\"@type\":\"WebPage\",\"@id\":\"https:\/\/www.spaestonia.ee\/resort\/buffet-menuud-gruppidele\/\",\"url\":\"https:\/\/www.spaestonia.ee\/resort\/buffet-menuud-gruppidele\/\",\"name\":\"Buffet-men\u00fc\u00fcd gruppidele - ESTONIA Resort Hotel Spa\",\"isPartOf\":{\"@id\":\"https:\/\/www.spaestonia.ee\/resort\/#website\"},\"datePublished\":\"2023-11-24T14:20:15+00:00\",\"dateModified\":\"2026-01-12T09:05:58+00:00\",\"breadcrumb\":{\"@id\":\"https:\/\/www.spaestonia.ee\/resort\/buffet-menuud-gruppidele\/#breadcrumb\"},\"inLanguage\":\"et\",\"potentialAction\":[{\"@type\":\"ReadAction\",\"target\":[\"https:\/\/www.spaestonia.ee\/resort\/buffet-menuud-gruppidele\/\"]}]},{\"@type\":\"BreadcrumbList\",\"@id\":\"https:\/\/www.spaestonia.ee\/resort\/buffet-menuud-gruppidele\/#breadcrumb\",\"itemListElement\":[{\"@type\":\"ListItem\",\"position\":1,\"name\":\"Home\",\"item\":\"https:\/\/www.spaestonia.ee\/resort\/\"},{\"@type\":\"ListItem\",\"position\":2,\"name\":\"Buffet-men\u00fc\u00fcd gruppidele\"}]},{\"@type\":\"WebSite\",\"@id\":\"https:\/\/www.spaestonia.ee\/resort\/#website\",\"url\":\"https:\/\/www.spaestonia.ee\/resort\/\",\"name\":\"ESTONIA Resort Hotel Spa\",\"description\":\"Your destination in P\u00e4rnu for wellness and events\",\"publisher\":{\"@id\":\"https:\/\/www.spaestonia.ee\/resort\/#organization\"},\"potentialAction\":[{\"@type\":\"SearchAction\",\"target\":{\"@type\":\"EntryPoint\",\"urlTemplate\":\"https:\/\/www.spaestonia.ee\/resort\/?s={search_term_string}\"},\"query-input\":{\"@type\":\"PropertyValueSpecification\",\"valueRequired\":true,\"valueName\":\"search_term_string\"}}],\"inLanguage\":\"et\"},{\"@type\":\"Organization\",\"@id\":\"https:\/\/www.spaestonia.ee\/resort\/#organization\",\"name\":\"ESTONIA Resort Hotel Spa\",\"url\":\"https:\/\/www.spaestonia.ee\/resort\/\",\"logo\":{\"@type\":\"ImageObject\",\"inLanguage\":\"et\",\"@id\":\"https:\/\/www.spaestonia.ee\/resort\/#\/schema\/logo\/image\/\",\"url\":\"https:\/\/www.spaestonia.ee\/resort\/wp-content\/uploads\/2025\/02\/resort-hotel-estonia.png\",\"contentUrl\":\"https:\/\/www.spaestonia.ee\/resort\/wp-content\/uploads\/2025\/02\/resort-hotel-estonia.png\",\"width\":400,\"height\":173,\"caption\":\"ESTONIA Resort Hotel Spa\"},\"image\":{\"@id\":\"https:\/\/www.spaestonia.ee\/resort\/#\/schema\/logo\/image\/\"},\"sameAs\":[\"https:\/\/www.facebook.com\/EstoniaResortHotel\"]}]}<\/script>\n<!-- \/ Yoast SEO plugin. -->","yoast_head_json":{"title":"Buffet-men\u00fc\u00fcd gruppidele - ESTONIA Resort Hotel Spa","robots":{"index":"index","follow":"follow","max-snippet":"max-snippet:-1","max-image-preview":"max-image-preview:large","max-video-preview":"max-video-preview:-1"},"canonical":"https:\/\/www.spaestonia.ee\/resort\/buffet-menuud-gruppidele\/","og_locale":"et_EE","og_type":"article","og_title":"Buffet-men\u00fc\u00fcd gruppidele - ESTONIA Resort Hotel Spa","og_description":"ESTONIA Resort Hotel &amp; Spa\u00a0restoran NOOT\u00a0pakub\u00a0gruppidele alates 25 k\u00fclalisest\u00a0buffet-men\u00fc\u00fcd, alates\u00a010 k\u00fclalisest\u00a0grupimen\u00fc\u00fcd\u00a0ja v\u00e4iksematele seltskondadele soovitame restorani\u00a0\u00e1&hellip;","og_url":"https:\/\/www.spaestonia.ee\/resort\/buffet-menuud-gruppidele\/","og_site_name":"ESTONIA Resort Hotel Spa","article_publisher":"https:\/\/www.facebook.com\/EstoniaResortHotel","article_modified_time":"2026-01-12T09:05:58+00:00","twitter_card":"summary_large_image","twitter_misc":{"Est. reading time":"4 minutit"},"schema":{"@context":"https:\/\/schema.org","@graph":[{"@type":"WebPage","@id":"https:\/\/www.spaestonia.ee\/resort\/buffet-menuud-gruppidele\/","url":"https:\/\/www.spaestonia.ee\/resort\/buffet-menuud-gruppidele\/","name":"Buffet-men\u00fc\u00fcd gruppidele - ESTONIA Resort Hotel Spa","isPartOf":{"@id":"https:\/\/www.spaestonia.ee\/resort\/#website"},"datePublished":"2023-11-24T14:20:15+00:00","dateModified":"2026-01-12T09:05:58+00:00","breadcrumb":{"@id":"https:\/\/www.spaestonia.ee\/resort\/buffet-menuud-gruppidele\/#breadcrumb"},"inLanguage":"et","potentialAction":[{"@type":"ReadAction","target":["https:\/\/www.spaestonia.ee\/resort\/buffet-menuud-gruppidele\/"]}]},{"@type":"BreadcrumbList","@id":"https:\/\/www.spaestonia.ee\/resort\/buffet-menuud-gruppidele\/#breadcrumb","itemListElement":[{"@type":"ListItem","position":1,"name":"Home","item":"https:\/\/www.spaestonia.ee\/resort\/"},{"@type":"ListItem","position":2,"name":"Buffet-men\u00fc\u00fcd gruppidele"}]},{"@type":"WebSite","@id":"https:\/\/www.spaestonia.ee\/resort\/#website","url":"https:\/\/www.spaestonia.ee\/resort\/","name":"ESTONIA Resort Hotel Spa","description":"Your destination in P\u00e4rnu for wellness and events","publisher":{"@id":"https:\/\/www.spaestonia.ee\/resort\/#organization"},"potentialAction":[{"@type":"SearchAction","target":{"@type":"EntryPoint","urlTemplate":"https:\/\/www.spaestonia.ee\/resort\/?s={search_term_string}"},"query-input":{"@type":"PropertyValueSpecification","valueRequired":true,"valueName":"search_term_string"}}],"inLanguage":"et"},{"@type":"Organization","@id":"https:\/\/www.spaestonia.ee\/resort\/#organization","name":"ESTONIA Resort Hotel Spa","url":"https:\/\/www.spaestonia.ee\/resort\/","logo":{"@type":"ImageObject","inLanguage":"et","@id":"https:\/\/www.spaestonia.ee\/resort\/#\/schema\/logo\/image\/","url":"https:\/\/www.spaestonia.ee\/resort\/wp-content\/uploads\/2025\/02\/resort-hotel-estonia.png","contentUrl":"https:\/\/www.spaestonia.ee\/resort\/wp-content\/uploads\/2025\/02\/resort-hotel-estonia.png","width":400,"height":173,"caption":"ESTONIA Resort Hotel Spa"},"image":{"@id":"https:\/\/www.spaestonia.ee\/resort\/#\/schema\/logo\/image\/"},"sameAs":["https:\/\/www.facebook.com\/EstoniaResortHotel"]}]}},"_links":{"self":[{"href":"https:\/\/www.spaestonia.ee\/resort\/wp-json\/wp\/v2\/pages\/39455","targetHints":{"allow":["GET"]}}],"collection":[{"href":"https:\/\/www.spaestonia.ee\/resort\/wp-json\/wp\/v2\/pages"}],"about":[{"href":"https:\/\/www.spaestonia.ee\/resort\/wp-json\/wp\/v2\/types\/page"}],"author":[{"embeddable":true,"href":"https:\/\/www.spaestonia.ee\/resort\/wp-json\/wp\/v2\/users\/18"}],"replies":[{"embeddable":true,"href":"https:\/\/www.spaestonia.ee\/resort\/wp-json\/wp\/v2\/comments?post=39455"}],"version-history":[{"count":31,"href":"https:\/\/www.spaestonia.ee\/resort\/wp-json\/wp\/v2\/pages\/39455\/revisions"}],"predecessor-version":[{"id":46059,"href":"https:\/\/www.spaestonia.ee\/resort\/wp-json\/wp\/v2\/pages\/39455\/revisions\/46059"}],"wp:attachment":[{"href":"https:\/\/www.spaestonia.ee\/resort\/wp-json\/wp\/v2\/media?parent=39455"}],"curies":[{"name":"wp","href":"https:\/\/api.w.org\/{rel}","templated":true}]}}