{"id":41992,"date":"2024-06-06T09:29:46","date_gmt":"2024-06-06T06:29:46","guid":{"rendered":"https:\/\/www.spaestonia.ee\/resort\/?page_id=41992"},"modified":"2025-08-25T09:04:46","modified_gmt":"2025-08-25T06:04:46","slug":"hommikusook","status":"publish","type":"page","link":"https:\/\/www.spaestonia.ee\/resort\/restoran-noot\/hommikusook\/","title":{"rendered":"Hommikus\u00f6\u00f6k"},"content":{"rendered":"<h3>Parim algus p\u00e4evale. Maitsev ja t\u00e4isv\u00e4\u00e4rtuslik hommikus\u00f6\u00f6k annab Sulle suurep\u00e4rase stardi imeliseks p\u00e4evaks.<\/h3>\n<p>Rikkalikku buffet-stiilis hommikus\u00f6\u00f6ki serveeritakse:<br \/>\nE\u2013R kell 7.00\u201310.00<br \/>\nL\u2013P ja Eesti riigip\u00fchadel kell 7.30\u201310.30<\/p>\n<p>Hotelli k\u00fclalistel sisaldub hommikus\u00f6\u00f6k toa hinnas.<br \/>\nHommikus\u00f6\u00f6gi hind hotellis mittemajutuvale k\u00fclalisele on 19 \u20ac\/inimene,\u00a0 laps 4-14a 12 \u20ac.<\/p>\n<div class='gallery-article'><ul id='gallery-article0' class='list gallery-list galleryid-0 gallery-columns-4 gallery-size-thumbnail'><li class='gallery-item'>\n\t\t<p class='gallery-icon'>\n\t\t<a href='https:\/\/www.spaestonia.ee\/resort\/wp-content\/uploads\/2024\/06\/Restoran-NOOT_hommikusook-6.jpg' title=\"\" data-rl_title=\"\" class=\"rl-gallery-link\" data-rl_caption=\"\" data-rel=\"lightbox-gallery-0\"><img loading=\"lazy\" decoding=\"async\" width=\"300\" height=\"300\" src=\"https:\/\/www.spaestonia.ee\/resort\/wp-content\/uploads\/2024\/06\/Restoran-NOOT_hommikusook-6-300x300.jpg\" class=\"attachment-thumbnail size-thumbnail\" alt=\"Hommikus\u00f6\u00f6k\" srcset=\"https:\/\/www.spaestonia.ee\/resort\/wp-content\/uploads\/2024\/06\/Restoran-NOOT_hommikusook-6-300x300.jpg 300w, https:\/\/www.spaestonia.ee\/resort\/wp-content\/uploads\/2024\/06\/Restoran-NOOT_hommikusook-6-181x181.jpg 181w\" sizes=\"auto, (max-width: 300px) 100vw, 300px\" \/><\/a>\n\t\t<\/p><\/li><li class='gallery-item'>\n\t\t<p class='gallery-icon'>\n\t\t<a href='https:\/\/www.spaestonia.ee\/resort\/wp-content\/uploads\/2024\/06\/Restoran-NOOT_hommikusook-7.jpg' title=\"\" data-rl_title=\"\" class=\"rl-gallery-link\" data-rl_caption=\"\" data-rel=\"lightbox-gallery-0\"><img loading=\"lazy\" decoding=\"async\" width=\"300\" height=\"300\" src=\"https:\/\/www.spaestonia.ee\/resort\/wp-content\/uploads\/2024\/06\/Restoran-NOOT_hommikusook-7-300x300.jpg\" class=\"attachment-thumbnail size-thumbnail\" alt=\"Hommikus\u00f6\u00f6k\" srcset=\"https:\/\/www.spaestonia.ee\/resort\/wp-content\/uploads\/2024\/06\/Restoran-NOOT_hommikusook-7-300x300.jpg 300w, https:\/\/www.spaestonia.ee\/resort\/wp-content\/uploads\/2024\/06\/Restoran-NOOT_hommikusook-7-181x181.jpg 181w\" sizes=\"auto, (max-width: 300px) 100vw, 300px\" \/><\/a>\n\t\t<\/p><\/li><li class='gallery-item'>\n\t\t<p class='gallery-icon'>\n\t\t<a href='https:\/\/www.spaestonia.ee\/resort\/wp-content\/uploads\/2024\/06\/Restoran-NOOT_hommikusook-8.jpg' title=\"\" data-rl_title=\"\" class=\"rl-gallery-link\" data-rl_caption=\"\" data-rel=\"lightbox-gallery-0\"><img loading=\"lazy\" decoding=\"async\" width=\"300\" height=\"300\" src=\"https:\/\/www.spaestonia.ee\/resort\/wp-content\/uploads\/2024\/06\/Restoran-NOOT_hommikusook-8-300x300.jpg\" class=\"attachment-thumbnail size-thumbnail\" alt=\"Hommikus\u00f6\u00f6k\" srcset=\"https:\/\/www.spaestonia.ee\/resort\/wp-content\/uploads\/2024\/06\/Restoran-NOOT_hommikusook-8-300x300.jpg 300w, https:\/\/www.spaestonia.ee\/resort\/wp-content\/uploads\/2024\/06\/Restoran-NOOT_hommikusook-8-181x181.jpg 181w\" sizes=\"auto, (max-width: 300px) 100vw, 300px\" \/><\/a>\n\t\t<\/p><\/li><li class='gallery-item'>\n\t\t<p class='gallery-icon'>\n\t\t<a href='https:\/\/www.spaestonia.ee\/resort\/wp-content\/uploads\/2024\/06\/Restoran-NOOT_hommikusook-12.jpg' title=\"\" data-rl_title=\"\" class=\"rl-gallery-link\" data-rl_caption=\"\" data-rel=\"lightbox-gallery-0\"><img loading=\"lazy\" decoding=\"async\" width=\"300\" height=\"300\" src=\"https:\/\/www.spaestonia.ee\/resort\/wp-content\/uploads\/2024\/06\/Restoran-NOOT_hommikusook-12-300x300.jpg\" class=\"attachment-thumbnail size-thumbnail\" alt=\"Hommikus\u00f6\u00f6k\" srcset=\"https:\/\/www.spaestonia.ee\/resort\/wp-content\/uploads\/2024\/06\/Restoran-NOOT_hommikusook-12-300x300.jpg 300w, https:\/\/www.spaestonia.ee\/resort\/wp-content\/uploads\/2024\/06\/Restoran-NOOT_hommikusook-12-181x181.jpg 181w\" sizes=\"auto, (max-width: 300px) 100vw, 300px\" \/><\/a>\n\t\t<\/p><\/li><li class='gallery-item'>\n\t\t<p class='gallery-icon'>\n\t\t<a href='https:\/\/www.spaestonia.ee\/resort\/wp-content\/uploads\/2024\/06\/Restoran-NOOT_hommikusook-10.jpg' title=\"\" data-rl_title=\"\" class=\"rl-gallery-link\" data-rl_caption=\"\" data-rel=\"lightbox-gallery-0\"><img loading=\"lazy\" decoding=\"async\" width=\"300\" height=\"300\" src=\"https:\/\/www.spaestonia.ee\/resort\/wp-content\/uploads\/2024\/06\/Restoran-NOOT_hommikusook-10-300x300.jpg\" class=\"attachment-thumbnail size-thumbnail\" alt=\"Hommikus\u00f6\u00f6k\" srcset=\"https:\/\/www.spaestonia.ee\/resort\/wp-content\/uploads\/2024\/06\/Restoran-NOOT_hommikusook-10-300x300.jpg 300w, https:\/\/www.spaestonia.ee\/resort\/wp-content\/uploads\/2024\/06\/Restoran-NOOT_hommikusook-10-181x181.jpg 181w\" sizes=\"auto, (max-width: 300px) 100vw, 300px\" \/><\/a>\n\t\t<\/p><\/li><li class='gallery-item'>\n\t\t<p class='gallery-icon'>\n\t\t<a href='https:\/\/www.spaestonia.ee\/resort\/wp-content\/uploads\/2024\/06\/Restoran-NOOT_hommikusook-13.jpg' title=\"\" data-rl_title=\"\" class=\"rl-gallery-link\" data-rl_caption=\"\" data-rel=\"lightbox-gallery-0\"><img loading=\"lazy\" decoding=\"async\" width=\"300\" height=\"300\" src=\"https:\/\/www.spaestonia.ee\/resort\/wp-content\/uploads\/2024\/06\/Restoran-NOOT_hommikusook-13-300x300.jpg\" class=\"attachment-thumbnail size-thumbnail\" alt=\"Hommikus\u00f6\u00f6k\" srcset=\"https:\/\/www.spaestonia.ee\/resort\/wp-content\/uploads\/2024\/06\/Restoran-NOOT_hommikusook-13-300x300.jpg 300w, https:\/\/www.spaestonia.ee\/resort\/wp-content\/uploads\/2024\/06\/Restoran-NOOT_hommikusook-13-181x181.jpg 181w\" sizes=\"auto, (max-width: 300px) 100vw, 300px\" \/><\/a>\n\t\t<\/p><\/li><li class='gallery-item'>\n\t\t<p class='gallery-icon'>\n\t\t<a href='https:\/\/www.spaestonia.ee\/resort\/wp-content\/uploads\/2024\/06\/Restoran-NOOT_hommikusook-21.jpg' title=\"\" data-rl_title=\"\" class=\"rl-gallery-link\" data-rl_caption=\"\" data-rel=\"lightbox-gallery-0\"><img loading=\"lazy\" decoding=\"async\" width=\"300\" height=\"300\" src=\"https:\/\/www.spaestonia.ee\/resort\/wp-content\/uploads\/2024\/06\/Restoran-NOOT_hommikusook-21-300x300.jpg\" class=\"attachment-thumbnail size-thumbnail\" alt=\"Hommikus\u00f6\u00f6k\" srcset=\"https:\/\/www.spaestonia.ee\/resort\/wp-content\/uploads\/2024\/06\/Restoran-NOOT_hommikusook-21-300x300.jpg 300w, https:\/\/www.spaestonia.ee\/resort\/wp-content\/uploads\/2024\/06\/Restoran-NOOT_hommikusook-21-181x181.jpg 181w\" sizes=\"auto, (max-width: 300px) 100vw, 300px\" \/><\/a>\n\t\t<\/p><\/li><li class='gallery-item'>\n\t\t<p class='gallery-icon'>\n\t\t<a href='https:\/\/www.spaestonia.ee\/resort\/wp-content\/uploads\/2024\/06\/Restoran-NOOT_hommikusook-3.jpg' title=\"\" data-rl_title=\"\" class=\"rl-gallery-link\" data-rl_caption=\"\" data-rel=\"lightbox-gallery-0\"><img loading=\"lazy\" decoding=\"async\" width=\"300\" height=\"300\" src=\"https:\/\/www.spaestonia.ee\/resort\/wp-content\/uploads\/2024\/06\/Restoran-NOOT_hommikusook-3-300x300.jpg\" class=\"attachment-thumbnail size-thumbnail\" alt=\"Hommikus\u00f6\u00f6k\" srcset=\"https:\/\/www.spaestonia.ee\/resort\/wp-content\/uploads\/2024\/06\/Restoran-NOOT_hommikusook-3-300x300.jpg 300w, https:\/\/www.spaestonia.ee\/resort\/wp-content\/uploads\/2024\/06\/Restoran-NOOT_hommikusook-3-181x181.jpg 181w\" sizes=\"auto, (max-width: 300px) 100vw, 300px\" \/><\/a>\n\t\t<\/p><\/li><li class='gallery-item'>\n\t\t<p class='gallery-icon'>\n\t\t<a href='https:\/\/www.spaestonia.ee\/resort\/wp-content\/uploads\/2024\/06\/Restoran-NOOT_hommikusook-22.jpg' title=\"\" data-rl_title=\"\" class=\"rl-gallery-link\" data-rl_caption=\"\" data-rel=\"lightbox-gallery-0\"><img loading=\"lazy\" decoding=\"async\" width=\"300\" height=\"300\" src=\"https:\/\/www.spaestonia.ee\/resort\/wp-content\/uploads\/2024\/06\/Restoran-NOOT_hommikusook-22-300x300.jpg\" class=\"attachment-thumbnail size-thumbnail\" alt=\"Hommikus\u00f6\u00f6k\" srcset=\"https:\/\/www.spaestonia.ee\/resort\/wp-content\/uploads\/2024\/06\/Restoran-NOOT_hommikusook-22-300x300.jpg 300w, https:\/\/www.spaestonia.ee\/resort\/wp-content\/uploads\/2024\/06\/Restoran-NOOT_hommikusook-22-181x181.jpg 181w\" sizes=\"auto, (max-width: 300px) 100vw, 300px\" \/><\/a>\n\t\t<\/p><\/li><li class='gallery-item'>\n\t\t<p class='gallery-icon'>\n\t\t<a href='https:\/\/www.spaestonia.ee\/resort\/wp-content\/uploads\/2024\/06\/Restoran-NOOT_hommikusook-23.jpg' title=\"\" data-rl_title=\"\" class=\"rl-gallery-link\" data-rl_caption=\"\" data-rel=\"lightbox-gallery-0\"><img loading=\"lazy\" decoding=\"async\" width=\"300\" height=\"300\" src=\"https:\/\/www.spaestonia.ee\/resort\/wp-content\/uploads\/2024\/06\/Restoran-NOOT_hommikusook-23-300x300.jpg\" class=\"attachment-thumbnail size-thumbnail\" alt=\"Hommikus\u00f6\u00f6k\" srcset=\"https:\/\/www.spaestonia.ee\/resort\/wp-content\/uploads\/2024\/06\/Restoran-NOOT_hommikusook-23-300x300.jpg 300w, https:\/\/www.spaestonia.ee\/resort\/wp-content\/uploads\/2024\/06\/Restoran-NOOT_hommikusook-23-181x181.jpg 181w\" sizes=\"auto, (max-width: 300px) 100vw, 300px\" \/><\/a>\n\t\t<\/p><\/li><li class='gallery-item'>\n\t\t<p class='gallery-icon'>\n\t\t<a href='https:\/\/www.spaestonia.ee\/resort\/wp-content\/uploads\/2024\/06\/Restoran-NOOT_hommikusook-4.jpg' title=\"\" data-rl_title=\"\" class=\"rl-gallery-link\" data-rl_caption=\"\" data-rel=\"lightbox-gallery-0\"><img loading=\"lazy\" decoding=\"async\" width=\"300\" height=\"300\" src=\"https:\/\/www.spaestonia.ee\/resort\/wp-content\/uploads\/2024\/06\/Restoran-NOOT_hommikusook-4-300x300.jpg\" class=\"attachment-thumbnail size-thumbnail\" alt=\"Hommikus\u00f6\u00f6k\" srcset=\"https:\/\/www.spaestonia.ee\/resort\/wp-content\/uploads\/2024\/06\/Restoran-NOOT_hommikusook-4-300x300.jpg 300w, https:\/\/www.spaestonia.ee\/resort\/wp-content\/uploads\/2024\/06\/Restoran-NOOT_hommikusook-4-181x181.jpg 181w\" sizes=\"auto, (max-width: 300px) 100vw, 300px\" \/><\/a>\n\t\t<\/p><\/li><li class='gallery-item'>\n\t\t<p class='gallery-icon'>\n\t\t<a href='https:\/\/www.spaestonia.ee\/resort\/wp-content\/uploads\/2024\/06\/Restoran-NOOT_hommikusook-2.jpg' title=\"\" data-rl_title=\"\" class=\"rl-gallery-link\" data-rl_caption=\"\" data-rel=\"lightbox-gallery-0\"><img loading=\"lazy\" decoding=\"async\" width=\"300\" height=\"300\" src=\"https:\/\/www.spaestonia.ee\/resort\/wp-content\/uploads\/2024\/06\/Restoran-NOOT_hommikusook-2-300x300.jpg\" class=\"attachment-thumbnail size-thumbnail\" alt=\"Hommikus\u00f6\u00f6k\" srcset=\"https:\/\/www.spaestonia.ee\/resort\/wp-content\/uploads\/2024\/06\/Restoran-NOOT_hommikusook-2-300x300.jpg 300w, https:\/\/www.spaestonia.ee\/resort\/wp-content\/uploads\/2024\/06\/Restoran-NOOT_hommikusook-2-181x181.jpg 181w\" sizes=\"auto, (max-width: 300px) 100vw, 300px\" \/><\/a>\n\t\t<\/p><\/li><li class='gallery-item'>\n\t\t<p class='gallery-icon'>\n\t\t<a href='https:\/\/www.spaestonia.ee\/resort\/wp-content\/uploads\/2024\/06\/Restoran-NOOT_hommikusook-35.jpg' title=\"\" data-rl_title=\"\" class=\"rl-gallery-link\" data-rl_caption=\"\" data-rel=\"lightbox-gallery-0\"><img loading=\"lazy\" decoding=\"async\" width=\"300\" height=\"300\" src=\"https:\/\/www.spaestonia.ee\/resort\/wp-content\/uploads\/2024\/06\/Restoran-NOOT_hommikusook-35-300x300.jpg\" class=\"attachment-thumbnail size-thumbnail\" alt=\"Hommikus\u00f6\u00f6k\" srcset=\"https:\/\/www.spaestonia.ee\/resort\/wp-content\/uploads\/2024\/06\/Restoran-NOOT_hommikusook-35-300x300.jpg 300w, https:\/\/www.spaestonia.ee\/resort\/wp-content\/uploads\/2024\/06\/Restoran-NOOT_hommikusook-35-181x181.jpg 181w\" sizes=\"auto, (max-width: 300px) 100vw, 300px\" \/><\/a>\n\t\t<\/p><\/li><li class='gallery-item'>\n\t\t<p class='gallery-icon'>\n\t\t<a href='https:\/\/www.spaestonia.ee\/resort\/wp-content\/uploads\/2024\/06\/Restoran-NOOT_hommikusook-18.jpg' title=\"\" data-rl_title=\"\" class=\"rl-gallery-link\" data-rl_caption=\"\" data-rel=\"lightbox-gallery-0\"><img loading=\"lazy\" decoding=\"async\" width=\"300\" height=\"300\" src=\"https:\/\/www.spaestonia.ee\/resort\/wp-content\/uploads\/2024\/06\/Restoran-NOOT_hommikusook-18-300x300.jpg\" class=\"attachment-thumbnail size-thumbnail\" alt=\"Hommikus\u00f6\u00f6k\" srcset=\"https:\/\/www.spaestonia.ee\/resort\/wp-content\/uploads\/2024\/06\/Restoran-NOOT_hommikusook-18-300x300.jpg 300w, https:\/\/www.spaestonia.ee\/resort\/wp-content\/uploads\/2024\/06\/Restoran-NOOT_hommikusook-18-181x181.jpg 181w\" sizes=\"auto, (max-width: 300px) 100vw, 300px\" \/><\/a>\n\t\t<\/p><\/li><li class='gallery-item'>\n\t\t<p class='gallery-icon'>\n\t\t<a href='https:\/\/www.spaestonia.ee\/resort\/wp-content\/uploads\/2024\/06\/Restoran-NOOT_hommikusook-26.jpg' title=\"\" data-rl_title=\"\" class=\"rl-gallery-link\" data-rl_caption=\"\" data-rel=\"lightbox-gallery-0\"><img loading=\"lazy\" decoding=\"async\" width=\"300\" height=\"300\" src=\"https:\/\/www.spaestonia.ee\/resort\/wp-content\/uploads\/2024\/06\/Restoran-NOOT_hommikusook-26-300x300.jpg\" class=\"attachment-thumbnail size-thumbnail\" alt=\"Hommikus\u00f6\u00f6k\" srcset=\"https:\/\/www.spaestonia.ee\/resort\/wp-content\/uploads\/2024\/06\/Restoran-NOOT_hommikusook-26-300x300.jpg 300w, https:\/\/www.spaestonia.ee\/resort\/wp-content\/uploads\/2024\/06\/Restoran-NOOT_hommikusook-26-181x181.jpg 181w\" sizes=\"auto, (max-width: 300px) 100vw, 300px\" \/><\/a>\n\t\t<\/p><\/li><li class='gallery-item'>\n\t\t<p class='gallery-icon'>\n\t\t<a href='https:\/\/www.spaestonia.ee\/resort\/wp-content\/uploads\/2024\/06\/Restoran-NOOT_hommikusook-27.jpg' title=\"\" data-rl_title=\"\" class=\"rl-gallery-link\" data-rl_caption=\"\" data-rel=\"lightbox-gallery-0\"><img loading=\"lazy\" decoding=\"async\" width=\"300\" height=\"300\" src=\"https:\/\/www.spaestonia.ee\/resort\/wp-content\/uploads\/2024\/06\/Restoran-NOOT_hommikusook-27-300x300.jpg\" class=\"attachment-thumbnail size-thumbnail\" alt=\"Hommikus\u00f6\u00f6k\" srcset=\"https:\/\/www.spaestonia.ee\/resort\/wp-content\/uploads\/2024\/06\/Restoran-NOOT_hommikusook-27-300x300.jpg 300w, https:\/\/www.spaestonia.ee\/resort\/wp-content\/uploads\/2024\/06\/Restoran-NOOT_hommikusook-27-181x181.jpg 181w\" sizes=\"auto, (max-width: 300px) 100vw, 300px\" \/><\/a>\n\t\t<\/p><\/li><li class='gallery-item'>\n\t\t<p class='gallery-icon'>\n\t\t<a href='https:\/\/www.spaestonia.ee\/resort\/wp-content\/uploads\/2024\/06\/Restoran-NOOT_hommikusook-46.jpg' title=\"\" data-rl_title=\"\" class=\"rl-gallery-link\" data-rl_caption=\"\" data-rel=\"lightbox-gallery-0\"><img loading=\"lazy\" decoding=\"async\" width=\"300\" height=\"300\" src=\"https:\/\/www.spaestonia.ee\/resort\/wp-content\/uploads\/2024\/06\/Restoran-NOOT_hommikusook-46-300x300.jpg\" class=\"attachment-thumbnail size-thumbnail\" alt=\"Hommikus\u00f6\u00f6k\" srcset=\"https:\/\/www.spaestonia.ee\/resort\/wp-content\/uploads\/2024\/06\/Restoran-NOOT_hommikusook-46-300x300.jpg 300w, https:\/\/www.spaestonia.ee\/resort\/wp-content\/uploads\/2024\/06\/Restoran-NOOT_hommikusook-46-181x181.jpg 181w\" sizes=\"auto, (max-width: 300px) 100vw, 300px\" \/><\/a>\n\t\t<\/p><\/li><li class='gallery-item'>\n\t\t<p class='gallery-icon'>\n\t\t<a href='https:\/\/www.spaestonia.ee\/resort\/wp-content\/uploads\/2024\/06\/Restoran-NOOT_hommikusook-45.jpg' title=\"\" data-rl_title=\"\" class=\"rl-gallery-link\" data-rl_caption=\"\" data-rel=\"lightbox-gallery-0\"><img loading=\"lazy\" decoding=\"async\" width=\"300\" height=\"300\" src=\"https:\/\/www.spaestonia.ee\/resort\/wp-content\/uploads\/2024\/06\/Restoran-NOOT_hommikusook-45-300x300.jpg\" class=\"attachment-thumbnail size-thumbnail\" alt=\"Hommikus\u00f6\u00f6k\" srcset=\"https:\/\/www.spaestonia.ee\/resort\/wp-content\/uploads\/2024\/06\/Restoran-NOOT_hommikusook-45-300x300.jpg 300w, https:\/\/www.spaestonia.ee\/resort\/wp-content\/uploads\/2024\/06\/Restoran-NOOT_hommikusook-45-181x181.jpg 181w\" sizes=\"auto, (max-width: 300px) 100vw, 300px\" \/><\/a>\n\t\t<\/p><\/li><li class='gallery-item'>\n\t\t<p class='gallery-icon'>\n\t\t<a href='https:\/\/www.spaestonia.ee\/resort\/wp-content\/uploads\/2024\/06\/Restoran-NOOT_hommikusook-30.jpg' title=\"\" data-rl_title=\"\" class=\"rl-gallery-link\" data-rl_caption=\"\" data-rel=\"lightbox-gallery-0\"><img loading=\"lazy\" decoding=\"async\" width=\"300\" height=\"300\" src=\"https:\/\/www.spaestonia.ee\/resort\/wp-content\/uploads\/2024\/06\/Restoran-NOOT_hommikusook-30-300x300.jpg\" class=\"attachment-thumbnail size-thumbnail\" alt=\"Hommikus\u00f6\u00f6k\" srcset=\"https:\/\/www.spaestonia.ee\/resort\/wp-content\/uploads\/2024\/06\/Restoran-NOOT_hommikusook-30-300x300.jpg 300w, https:\/\/www.spaestonia.ee\/resort\/wp-content\/uploads\/2024\/06\/Restoran-NOOT_hommikusook-30-181x181.jpg 181w\" sizes=\"auto, (max-width: 300px) 100vw, 300px\" \/><\/a>\n\t\t<\/p><\/li><li class='gallery-item'>\n\t\t<p class='gallery-icon'>\n\t\t<a href='https:\/\/www.spaestonia.ee\/resort\/wp-content\/uploads\/2024\/05\/Restoran-NOOT_hommikusook-39.jpg' title=\"\" data-rl_title=\"\" class=\"rl-gallery-link\" data-rl_caption=\"\" data-rel=\"lightbox-gallery-0\"><img loading=\"lazy\" decoding=\"async\" width=\"300\" height=\"300\" src=\"https:\/\/www.spaestonia.ee\/resort\/wp-content\/uploads\/2024\/05\/Restoran-NOOT_hommikusook-39-300x300.jpg\" class=\"attachment-thumbnail size-thumbnail\" alt=\"Restoran NOOT_hommikus\u00f6\u00f6k\" srcset=\"https:\/\/www.spaestonia.ee\/resort\/wp-content\/uploads\/2024\/05\/Restoran-NOOT_hommikusook-39-300x300.jpg 300w, https:\/\/www.spaestonia.ee\/resort\/wp-content\/uploads\/2024\/05\/Restoran-NOOT_hommikusook-39-181x181.jpg 181w\" sizes=\"auto, (max-width: 300px) 100vw, 300px\" \/><\/a>\n\t\t<\/p><\/li><\/ul>\n<\/div>\n\n","protected":false},"excerpt":{"rendered":"<p>Parim algus p\u00e4evale. Maitsev ja t\u00e4isv\u00e4\u00e4rtuslik hommikus\u00f6\u00f6k annab Sulle suurep\u00e4rase stardi imeliseks p\u00e4evaks. Rikkalikku buffet-stiilis&hellip;<\/p>\n","protected":false},"author":18,"featured_media":0,"parent":57,"menu_order":0,"comment_status":"closed","ping_status":"closed","template":"","meta":{"footnotes":""},"class_list":["post-41992","page","type-page","status-publish","hentry"],"yoast_head":"<!-- This site is optimized with the Yoast SEO plugin v26.7 - https:\/\/yoast.com\/wordpress\/plugins\/seo\/ -->\n<title>Hommikus\u00f6\u00f6k - ESTONIA Resort Hotel Spa<\/title>\n<meta name=\"robots\" content=\"index, follow, max-snippet:-1, max-image-preview:large, max-video-preview:-1\" \/>\n<link rel=\"canonical\" href=\"https:\/\/www.spaestonia.ee\/resort\/restoran-noot\/hommikusook\/\" \/>\n<meta property=\"og:locale\" content=\"et_EE\" \/>\n<meta property=\"og:type\" content=\"article\" \/>\n<meta property=\"og:title\" content=\"Hommikus\u00f6\u00f6k - ESTONIA Resort Hotel Spa\" \/>\n<meta property=\"og:description\" content=\"Parim algus p\u00e4evale. Maitsev ja t\u00e4isv\u00e4\u00e4rtuslik hommikus\u00f6\u00f6k annab Sulle suurep\u00e4rase stardi imeliseks p\u00e4evaks. Rikkalikku buffet-stiilis&hellip;\" \/>\n<meta property=\"og:url\" content=\"https:\/\/www.spaestonia.ee\/resort\/restoran-noot\/hommikusook\/\" \/>\n<meta property=\"og:site_name\" content=\"ESTONIA Resort Hotel Spa\" \/>\n<meta property=\"article:publisher\" content=\"https:\/\/www.facebook.com\/EstoniaResortHotel\" \/>\n<meta property=\"article:modified_time\" content=\"2025-08-25T06:04:46+00:00\" \/>\n<meta property=\"og:image\" content=\"https:\/\/www.spaestonia.ee\/resort\/wp-content\/uploads\/2024\/06\/Restoran-NOOT_hommikusook-6-300x300.jpg\" \/>\n<meta name=\"twitter:card\" content=\"summary_large_image\" \/>\n<meta name=\"twitter:label1\" content=\"Est. reading time\" \/>\n\t<meta name=\"twitter:data1\" content=\"1 minut\" \/>\n<script type=\"application\/ld+json\" class=\"yoast-schema-graph\">{\"@context\":\"https:\/\/schema.org\",\"@graph\":[{\"@type\":\"WebPage\",\"@id\":\"https:\/\/www.spaestonia.ee\/resort\/restoran-noot\/hommikusook\/\",\"url\":\"https:\/\/www.spaestonia.ee\/resort\/restoran-noot\/hommikusook\/\",\"name\":\"Hommikus\u00f6\u00f6k - ESTONIA Resort Hotel Spa\",\"isPartOf\":{\"@id\":\"https:\/\/www.spaestonia.ee\/resort\/#website\"},\"datePublished\":\"2024-06-06T06:29:46+00:00\",\"dateModified\":\"2025-08-25T06:04:46+00:00\",\"breadcrumb\":{\"@id\":\"https:\/\/www.spaestonia.ee\/resort\/restoran-noot\/hommikusook\/#breadcrumb\"},\"inLanguage\":\"et\",\"potentialAction\":[{\"@type\":\"ReadAction\",\"target\":[\"https:\/\/www.spaestonia.ee\/resort\/restoran-noot\/hommikusook\/\"]}]},{\"@type\":\"BreadcrumbList\",\"@id\":\"https:\/\/www.spaestonia.ee\/resort\/restoran-noot\/hommikusook\/#breadcrumb\",\"itemListElement\":[{\"@type\":\"ListItem\",\"position\":1,\"name\":\"Home\",\"item\":\"https:\/\/www.spaestonia.ee\/resort\/\"},{\"@type\":\"ListItem\",\"position\":2,\"name\":\"Restoran NOOT\",\"item\":\"https:\/\/www.spaestonia.ee\/resort\/restoran-noot\/\"},{\"@type\":\"ListItem\",\"position\":3,\"name\":\"Hommikus\u00f6\u00f6k\"}]},{\"@type\":\"WebSite\",\"@id\":\"https:\/\/www.spaestonia.ee\/resort\/#website\",\"url\":\"https:\/\/www.spaestonia.ee\/resort\/\",\"name\":\"ESTONIA Resort Hotel Spa\",\"description\":\"Your destination in P\u00e4rnu for wellness and events\",\"publisher\":{\"@id\":\"https:\/\/www.spaestonia.ee\/resort\/#organization\"},\"potentialAction\":[{\"@type\":\"SearchAction\",\"target\":{\"@type\":\"EntryPoint\",\"urlTemplate\":\"https:\/\/www.spaestonia.ee\/resort\/?s={search_term_string}\"},\"query-input\":{\"@type\":\"PropertyValueSpecification\",\"valueRequired\":true,\"valueName\":\"search_term_string\"}}],\"inLanguage\":\"et\"},{\"@type\":\"Organization\",\"@id\":\"https:\/\/www.spaestonia.ee\/resort\/#organization\",\"name\":\"ESTONIA Resort Hotel Spa\",\"url\":\"https:\/\/www.spaestonia.ee\/resort\/\",\"logo\":{\"@type\":\"ImageObject\",\"inLanguage\":\"et\",\"@id\":\"https:\/\/www.spaestonia.ee\/resort\/#\/schema\/logo\/image\/\",\"url\":\"https:\/\/www.spaestonia.ee\/resort\/wp-content\/uploads\/2025\/02\/resort-hotel-estonia.png\",\"contentUrl\":\"https:\/\/www.spaestonia.ee\/resort\/wp-content\/uploads\/2025\/02\/resort-hotel-estonia.png\",\"width\":400,\"height\":173,\"caption\":\"ESTONIA Resort Hotel Spa\"},\"image\":{\"@id\":\"https:\/\/www.spaestonia.ee\/resort\/#\/schema\/logo\/image\/\"},\"sameAs\":[\"https:\/\/www.facebook.com\/EstoniaResortHotel\"]}]}<\/script>\n<!-- \/ Yoast SEO plugin. -->","yoast_head_json":{"title":"Hommikus\u00f6\u00f6k - ESTONIA Resort Hotel Spa","robots":{"index":"index","follow":"follow","max-snippet":"max-snippet:-1","max-image-preview":"max-image-preview:large","max-video-preview":"max-video-preview:-1"},"canonical":"https:\/\/www.spaestonia.ee\/resort\/restoran-noot\/hommikusook\/","og_locale":"et_EE","og_type":"article","og_title":"Hommikus\u00f6\u00f6k - ESTONIA Resort Hotel Spa","og_description":"Parim algus p\u00e4evale. Maitsev ja t\u00e4isv\u00e4\u00e4rtuslik hommikus\u00f6\u00f6k annab Sulle suurep\u00e4rase stardi imeliseks p\u00e4evaks. Rikkalikku buffet-stiilis&hellip;","og_url":"https:\/\/www.spaestonia.ee\/resort\/restoran-noot\/hommikusook\/","og_site_name":"ESTONIA Resort Hotel Spa","article_publisher":"https:\/\/www.facebook.com\/EstoniaResortHotel","article_modified_time":"2025-08-25T06:04:46+00:00","og_image":[{"url":"https:\/\/www.spaestonia.ee\/resort\/wp-content\/uploads\/2024\/06\/Restoran-NOOT_hommikusook-6-300x300.jpg","type":"","width":"","height":""}],"twitter_card":"summary_large_image","twitter_misc":{"Est. reading time":"1 minut"},"schema":{"@context":"https:\/\/schema.org","@graph":[{"@type":"WebPage","@id":"https:\/\/www.spaestonia.ee\/resort\/restoran-noot\/hommikusook\/","url":"https:\/\/www.spaestonia.ee\/resort\/restoran-noot\/hommikusook\/","name":"Hommikus\u00f6\u00f6k - ESTONIA Resort Hotel Spa","isPartOf":{"@id":"https:\/\/www.spaestonia.ee\/resort\/#website"},"datePublished":"2024-06-06T06:29:46+00:00","dateModified":"2025-08-25T06:04:46+00:00","breadcrumb":{"@id":"https:\/\/www.spaestonia.ee\/resort\/restoran-noot\/hommikusook\/#breadcrumb"},"inLanguage":"et","potentialAction":[{"@type":"ReadAction","target":["https:\/\/www.spaestonia.ee\/resort\/restoran-noot\/hommikusook\/"]}]},{"@type":"BreadcrumbList","@id":"https:\/\/www.spaestonia.ee\/resort\/restoran-noot\/hommikusook\/#breadcrumb","itemListElement":[{"@type":"ListItem","position":1,"name":"Home","item":"https:\/\/www.spaestonia.ee\/resort\/"},{"@type":"ListItem","position":2,"name":"Restoran NOOT","item":"https:\/\/www.spaestonia.ee\/resort\/restoran-noot\/"},{"@type":"ListItem","position":3,"name":"Hommikus\u00f6\u00f6k"}]},{"@type":"WebSite","@id":"https:\/\/www.spaestonia.ee\/resort\/#website","url":"https:\/\/www.spaestonia.ee\/resort\/","name":"ESTONIA Resort Hotel Spa","description":"Your destination in P\u00e4rnu for wellness and events","publisher":{"@id":"https:\/\/www.spaestonia.ee\/resort\/#organization"},"potentialAction":[{"@type":"SearchAction","target":{"@type":"EntryPoint","urlTemplate":"https:\/\/www.spaestonia.ee\/resort\/?s={search_term_string}"},"query-input":{"@type":"PropertyValueSpecification","valueRequired":true,"valueName":"search_term_string"}}],"inLanguage":"et"},{"@type":"Organization","@id":"https:\/\/www.spaestonia.ee\/resort\/#organization","name":"ESTONIA Resort Hotel Spa","url":"https:\/\/www.spaestonia.ee\/resort\/","logo":{"@type":"ImageObject","inLanguage":"et","@id":"https:\/\/www.spaestonia.ee\/resort\/#\/schema\/logo\/image\/","url":"https:\/\/www.spaestonia.ee\/resort\/wp-content\/uploads\/2025\/02\/resort-hotel-estonia.png","contentUrl":"https:\/\/www.spaestonia.ee\/resort\/wp-content\/uploads\/2025\/02\/resort-hotel-estonia.png","width":400,"height":173,"caption":"ESTONIA Resort Hotel Spa"},"image":{"@id":"https:\/\/www.spaestonia.ee\/resort\/#\/schema\/logo\/image\/"},"sameAs":["https:\/\/www.facebook.com\/EstoniaResortHotel"]}]}},"_links":{"self":[{"href":"https:\/\/www.spaestonia.ee\/resort\/wp-json\/wp\/v2\/pages\/41992","targetHints":{"allow":["GET"]}}],"collection":[{"href":"https:\/\/www.spaestonia.ee\/resort\/wp-json\/wp\/v2\/pages"}],"about":[{"href":"https:\/\/www.spaestonia.ee\/resort\/wp-json\/wp\/v2\/types\/page"}],"author":[{"embeddable":true,"href":"https:\/\/www.spaestonia.ee\/resort\/wp-json\/wp\/v2\/users\/18"}],"replies":[{"embeddable":true,"href":"https:\/\/www.spaestonia.ee\/resort\/wp-json\/wp\/v2\/comments?post=41992"}],"version-history":[{"count":20,"href":"https:\/\/www.spaestonia.ee\/resort\/wp-json\/wp\/v2\/pages\/41992\/revisions"}],"predecessor-version":[{"id":45124,"href":"https:\/\/www.spaestonia.ee\/resort\/wp-json\/wp\/v2\/pages\/41992\/revisions\/45124"}],"up":[{"embeddable":true,"href":"https:\/\/www.spaestonia.ee\/resort\/wp-json\/wp\/v2\/pages\/57"}],"wp:attachment":[{"href":"https:\/\/www.spaestonia.ee\/resort\/wp-json\/wp\/v2\/media?parent=41992"}],"curies":[{"name":"wp","href":"https:\/\/api.w.org\/{rel}","templated":true}]}}