{"id":5249,"date":"2015-11-26T13:38:33","date_gmt":"2015-11-26T11:38:33","guid":{"rendered":"https:\/\/www.spaestonia.ee\/resort\/?page_id=5249"},"modified":"2026-01-08T11:47:37","modified_gmt":"2026-01-08T09:47:37","slug":"paberkandjal-kinkekaart","status":"publish","type":"page","link":"https:\/\/www.spaestonia.ee\/resort\/paberkandjal-kinkekaart\/","title":{"rendered":"Paberkandjal kinkekaart"},"content":{"rendered":"<p><img loading=\"lazy\" decoding=\"async\" class=\"alignright wp-image-33664 \" src=\"http:\/\/www.spaestonia.ee\/resort\/wp-content\/uploads\/2015\/11\/kinkekaardid2.jpg\" alt=\"\" width=\"500\" height=\"273\" \/>Et hoida seda r\u00f5\u00f5mu ja lapsemeelset elevust, kui avastad postkastist Sulle adresseeritud \u00fcmbriku, on v\u00f5imalus kingituseks osta ka paberkandjal kinkekaarte. Kauni kinkekaardi \u00fcbrisesse pandud spetsiaalselt kujundatud kaart toob naeratuse iga\u00fche n\u00e4ole.<\/p>\n<h3><strong>Paberkandjal kinkekaardi ostmine ja kohaletoimetamine<\/strong><\/h3>\n<ul>\n<li>Kinkekaarti saab osta ESTONIA Resort Hotel &amp; Spa hotelli vastuv\u00f5tus (A.H. Tammsaare 4a, P\u00e4rnu), tasumisega kohapeal sularahas v\u00f5i kaardiga;<\/li>\n<li>Kinkekaarti saab samuti tellida kodulehelt, sel juhul on tasumine arvega, saadame kinkekaardi arve tellija e-posti aadressile.<\/li>\n<li>Arve laekumise j\u00e4rgselt postitame kinkekaardi soovitud aadressile Eesti piires.<br \/>\n&#8211; Palun arvestada k\u00e4ttetoimetamisajaga v\u00e4hemalt 5 &#8211; 7 t\u00f6\u00f6p\u00e4eva alates ettemaksuarve tasumisest.<br \/>\n&#8211; Kinkekaardi maksumusele lisandub saatmiskulu:<br \/>\n* tavapostiga 2,90 \u20ac (koos k\u00e4ibemaksuga);<br \/>\n* t\u00e4hitud kirjana 9,50 \u20ac (koos k\u00e4ibemaksuga);<br \/>\n* SmartPosti automaati 5,20 \u20ac (koos k\u00e4ibemaksuga).<\/li>\n<\/ul>\n<h3><strong>Paberkandjal kinkekaardi hind, teenuse vahetamine, kehtivus ja pikendamine<\/strong><\/h3>\n<ul>\n<li>K\u00f5ik m\u00fc\u00fcdavate kinkekaardi teenuste hinnad on eurodes.<\/li>\n<li>Teenusep\u00f5hise kinkekaardi v\u00e4\u00e4rtus v\u00f5ib erineda vastava teenuse broneerimise\/tarbimise\/ostmise hetkel kehtivast letihinnast. Hinnavahet ei kompenseerita kui broneeritud teenuse summa on v\u00e4iksem kinkekaardi v\u00e4\u00e4rtusest.<\/li>\n<li>Kinkekaarti ei vahetata sularaha vastu ning kinkekaardi eest ei saa osta uut kinkekaarti.<\/li>\n<li>Teenusep\u00f5hist kinkekaarti ei vahetata teise teenuse vastu.<\/li>\n<li>Kinkekaardi kehtivus on 12 kuud alates ostu kuup\u00e4evast.<\/li>\n<li>Kinkekaart peab olema kehtiv teenuse kasutamise p\u00e4eval ning seda ei saa kasutada ettemaksena p\u00e4rast kehtivusaja l\u00f5ppu, sealhulgas majutuse v\u00f5i muude teenuste ette broneerimiseks.<\/li>\n<li>Kinkekaardi kehtivust on v\u00f5imalik pikendada \u00fcks kord 6 kuuks, muutmistasu 25 \u20ac kinkekaardi kohta.<\/li>\n<li>Hotellil on \u00f5igus kehtestata kampaaniate v\u00f5i erikokkulepete raames kinkekaardile eritingimusi. Sel juhul on need eraldi \u00e4ra m\u00e4rgitud kaardi kehtivusaja juures.<\/li>\n<li>Aegunud kinkekaarte ei pikendata.<\/li>\n<li>Kaotatud v\u00f5i rikutud kinkekaarte ei asendata.<\/li>\n<\/ul>\n<p><a href=\"https:\/\/www.spaestonia.ee\/resort\/soovin-tellida-paberkandjal-teenusepohise-elamuskinkekaardi\/\">Telli paberkandjal elamuskinkekaart<strong> siit \u00bb<\/strong><\/a><strong><br \/>\n<\/strong><a href=\"https:\/\/www.spaestonia.ee\/resort\/soovin-tellida-paberkandjal-summalise-kinkekaardi\/\">Telli paberkandjal summaline kinkekaart <strong>siit \u00bb<\/strong><\/a><\/p>\n<p>Lisainfo:\u00a0+372 440 1017,\u00a0<a href=\"mailto:resorthotel@spaestonia.ee\">resorthotel@spaestonia.ee<\/a><\/p>\n<p>&nbsp;<\/p>\n","protected":false},"excerpt":{"rendered":"<p>Et hoida seda r\u00f5\u00f5mu ja lapsemeelset elevust, kui avastad postkastist Sulle adresseeritud \u00fcmbriku, on v\u00f5imalus&hellip;<\/p>\n","protected":false},"author":1,"featured_media":0,"parent":0,"menu_order":0,"comment_status":"closed","ping_status":"open","template":"page-nobron_page.php","meta":{"footnotes":""},"class_list":["post-5249","page","type-page","status-publish","hentry"],"yoast_head":"<!-- This site is optimized with the Yoast SEO plugin v26.7 - https:\/\/yoast.com\/wordpress\/plugins\/seo\/ -->\n<title>Paberkandjal kinkekaart - ESTONIA Resort Hotel Spa<\/title>\n<meta name=\"robots\" content=\"index, follow, max-snippet:-1, max-image-preview:large, max-video-preview:-1\" \/>\n<link rel=\"canonical\" href=\"https:\/\/www.spaestonia.ee\/resort\/paberkandjal-kinkekaart\/\" \/>\n<meta property=\"og:locale\" content=\"et_EE\" \/>\n<meta property=\"og:type\" content=\"article\" \/>\n<meta property=\"og:title\" content=\"Paberkandjal kinkekaart - ESTONIA Resort Hotel Spa\" \/>\n<meta property=\"og:description\" content=\"Et hoida seda r\u00f5\u00f5mu ja lapsemeelset elevust, kui avastad postkastist Sulle adresseeritud \u00fcmbriku, on v\u00f5imalus&hellip;\" \/>\n<meta property=\"og:url\" content=\"https:\/\/www.spaestonia.ee\/resort\/paberkandjal-kinkekaart\/\" \/>\n<meta property=\"og:site_name\" content=\"ESTONIA Resort Hotel Spa\" \/>\n<meta property=\"article:publisher\" content=\"https:\/\/www.facebook.com\/EstoniaResortHotel\" \/>\n<meta property=\"article:modified_time\" content=\"2026-01-08T09:47:37+00:00\" \/>\n<meta property=\"og:image\" content=\"http:\/\/www.spaestonia.ee\/resort\/wp-content\/uploads\/2015\/11\/kinkekaardid2.jpg\" \/>\n<meta name=\"twitter:card\" content=\"summary_large_image\" \/>\n<meta name=\"twitter:label1\" content=\"Est. reading time\" \/>\n\t<meta name=\"twitter:data1\" content=\"2 minutit\" \/>\n<script type=\"application\/ld+json\" class=\"yoast-schema-graph\">{\"@context\":\"https:\/\/schema.org\",\"@graph\":[{\"@type\":\"WebPage\",\"@id\":\"https:\/\/www.spaestonia.ee\/resort\/paberkandjal-kinkekaart\/\",\"url\":\"https:\/\/www.spaestonia.ee\/resort\/paberkandjal-kinkekaart\/\",\"name\":\"Paberkandjal kinkekaart - ESTONIA Resort Hotel Spa\",\"isPartOf\":{\"@id\":\"https:\/\/www.spaestonia.ee\/resort\/#website\"},\"primaryImageOfPage\":{\"@id\":\"https:\/\/www.spaestonia.ee\/resort\/paberkandjal-kinkekaart\/#primaryimage\"},\"image\":{\"@id\":\"https:\/\/www.spaestonia.ee\/resort\/paberkandjal-kinkekaart\/#primaryimage\"},\"thumbnailUrl\":\"http:\/\/www.spaestonia.ee\/resort\/wp-content\/uploads\/2015\/11\/kinkekaardid2.jpg\",\"datePublished\":\"2015-11-26T11:38:33+00:00\",\"dateModified\":\"2026-01-08T09:47:37+00:00\",\"breadcrumb\":{\"@id\":\"https:\/\/www.spaestonia.ee\/resort\/paberkandjal-kinkekaart\/#breadcrumb\"},\"inLanguage\":\"et\",\"potentialAction\":[{\"@type\":\"ReadAction\",\"target\":[\"https:\/\/www.spaestonia.ee\/resort\/paberkandjal-kinkekaart\/\"]}]},{\"@type\":\"ImageObject\",\"inLanguage\":\"et\",\"@id\":\"https:\/\/www.spaestonia.ee\/resort\/paberkandjal-kinkekaart\/#primaryimage\",\"url\":\"https:\/\/www.spaestonia.ee\/resort\/wp-content\/uploads\/2015\/11\/kinkekaardid2-e1685597415666.jpg\",\"contentUrl\":\"https:\/\/www.spaestonia.ee\/resort\/wp-content\/uploads\/2015\/11\/kinkekaardid2-e1685597415666.jpg\",\"width\":915,\"height\":500},{\"@type\":\"BreadcrumbList\",\"@id\":\"https:\/\/www.spaestonia.ee\/resort\/paberkandjal-kinkekaart\/#breadcrumb\",\"itemListElement\":[{\"@type\":\"ListItem\",\"position\":1,\"name\":\"Home\",\"item\":\"https:\/\/www.spaestonia.ee\/resort\/\"},{\"@type\":\"ListItem\",\"position\":2,\"name\":\"Paberkandjal kinkekaart\"}]},{\"@type\":\"WebSite\",\"@id\":\"https:\/\/www.spaestonia.ee\/resort\/#website\",\"url\":\"https:\/\/www.spaestonia.ee\/resort\/\",\"name\":\"ESTONIA Resort Hotel Spa\",\"description\":\"Your destination in P\u00e4rnu for wellness and events\",\"publisher\":{\"@id\":\"https:\/\/www.spaestonia.ee\/resort\/#organization\"},\"potentialAction\":[{\"@type\":\"SearchAction\",\"target\":{\"@type\":\"EntryPoint\",\"urlTemplate\":\"https:\/\/www.spaestonia.ee\/resort\/?s={search_term_string}\"},\"query-input\":{\"@type\":\"PropertyValueSpecification\",\"valueRequired\":true,\"valueName\":\"search_term_string\"}}],\"inLanguage\":\"et\"},{\"@type\":\"Organization\",\"@id\":\"https:\/\/www.spaestonia.ee\/resort\/#organization\",\"name\":\"ESTONIA Resort Hotel Spa\",\"url\":\"https:\/\/www.spaestonia.ee\/resort\/\",\"logo\":{\"@type\":\"ImageObject\",\"inLanguage\":\"et\",\"@id\":\"https:\/\/www.spaestonia.ee\/resort\/#\/schema\/logo\/image\/\",\"url\":\"https:\/\/www.spaestonia.ee\/resort\/wp-content\/uploads\/2025\/02\/resort-hotel-estonia.png\",\"contentUrl\":\"https:\/\/www.spaestonia.ee\/resort\/wp-content\/uploads\/2025\/02\/resort-hotel-estonia.png\",\"width\":400,\"height\":173,\"caption\":\"ESTONIA Resort Hotel Spa\"},\"image\":{\"@id\":\"https:\/\/www.spaestonia.ee\/resort\/#\/schema\/logo\/image\/\"},\"sameAs\":[\"https:\/\/www.facebook.com\/EstoniaResortHotel\"]}]}<\/script>\n<!-- \/ Yoast SEO plugin. -->","yoast_head_json":{"title":"Paberkandjal kinkekaart - ESTONIA Resort Hotel Spa","robots":{"index":"index","follow":"follow","max-snippet":"max-snippet:-1","max-image-preview":"max-image-preview:large","max-video-preview":"max-video-preview:-1"},"canonical":"https:\/\/www.spaestonia.ee\/resort\/paberkandjal-kinkekaart\/","og_locale":"et_EE","og_type":"article","og_title":"Paberkandjal kinkekaart - ESTONIA Resort Hotel Spa","og_description":"Et hoida seda r\u00f5\u00f5mu ja lapsemeelset elevust, kui avastad postkastist Sulle adresseeritud \u00fcmbriku, on v\u00f5imalus&hellip;","og_url":"https:\/\/www.spaestonia.ee\/resort\/paberkandjal-kinkekaart\/","og_site_name":"ESTONIA Resort Hotel Spa","article_publisher":"https:\/\/www.facebook.com\/EstoniaResortHotel","article_modified_time":"2026-01-08T09:47:37+00:00","og_image":[{"url":"http:\/\/www.spaestonia.ee\/resort\/wp-content\/uploads\/2015\/11\/kinkekaardid2.jpg","type":"","width":"","height":""}],"twitter_card":"summary_large_image","twitter_misc":{"Est. reading time":"2 minutit"},"schema":{"@context":"https:\/\/schema.org","@graph":[{"@type":"WebPage","@id":"https:\/\/www.spaestonia.ee\/resort\/paberkandjal-kinkekaart\/","url":"https:\/\/www.spaestonia.ee\/resort\/paberkandjal-kinkekaart\/","name":"Paberkandjal kinkekaart - ESTONIA Resort Hotel Spa","isPartOf":{"@id":"https:\/\/www.spaestonia.ee\/resort\/#website"},"primaryImageOfPage":{"@id":"https:\/\/www.spaestonia.ee\/resort\/paberkandjal-kinkekaart\/#primaryimage"},"image":{"@id":"https:\/\/www.spaestonia.ee\/resort\/paberkandjal-kinkekaart\/#primaryimage"},"thumbnailUrl":"http:\/\/www.spaestonia.ee\/resort\/wp-content\/uploads\/2015\/11\/kinkekaardid2.jpg","datePublished":"2015-11-26T11:38:33+00:00","dateModified":"2026-01-08T09:47:37+00:00","breadcrumb":{"@id":"https:\/\/www.spaestonia.ee\/resort\/paberkandjal-kinkekaart\/#breadcrumb"},"inLanguage":"et","potentialAction":[{"@type":"ReadAction","target":["https:\/\/www.spaestonia.ee\/resort\/paberkandjal-kinkekaart\/"]}]},{"@type":"ImageObject","inLanguage":"et","@id":"https:\/\/www.spaestonia.ee\/resort\/paberkandjal-kinkekaart\/#primaryimage","url":"https:\/\/www.spaestonia.ee\/resort\/wp-content\/uploads\/2015\/11\/kinkekaardid2-e1685597415666.jpg","contentUrl":"https:\/\/www.spaestonia.ee\/resort\/wp-content\/uploads\/2015\/11\/kinkekaardid2-e1685597415666.jpg","width":915,"height":500},{"@type":"BreadcrumbList","@id":"https:\/\/www.spaestonia.ee\/resort\/paberkandjal-kinkekaart\/#breadcrumb","itemListElement":[{"@type":"ListItem","position":1,"name":"Home","item":"https:\/\/www.spaestonia.ee\/resort\/"},{"@type":"ListItem","position":2,"name":"Paberkandjal kinkekaart"}]},{"@type":"WebSite","@id":"https:\/\/www.spaestonia.ee\/resort\/#website","url":"https:\/\/www.spaestonia.ee\/resort\/","name":"ESTONIA Resort Hotel Spa","description":"Your destination in P\u00e4rnu for wellness and events","publisher":{"@id":"https:\/\/www.spaestonia.ee\/resort\/#organization"},"potentialAction":[{"@type":"SearchAction","target":{"@type":"EntryPoint","urlTemplate":"https:\/\/www.spaestonia.ee\/resort\/?s={search_term_string}"},"query-input":{"@type":"PropertyValueSpecification","valueRequired":true,"valueName":"search_term_string"}}],"inLanguage":"et"},{"@type":"Organization","@id":"https:\/\/www.spaestonia.ee\/resort\/#organization","name":"ESTONIA Resort Hotel Spa","url":"https:\/\/www.spaestonia.ee\/resort\/","logo":{"@type":"ImageObject","inLanguage":"et","@id":"https:\/\/www.spaestonia.ee\/resort\/#\/schema\/logo\/image\/","url":"https:\/\/www.spaestonia.ee\/resort\/wp-content\/uploads\/2025\/02\/resort-hotel-estonia.png","contentUrl":"https:\/\/www.spaestonia.ee\/resort\/wp-content\/uploads\/2025\/02\/resort-hotel-estonia.png","width":400,"height":173,"caption":"ESTONIA Resort Hotel Spa"},"image":{"@id":"https:\/\/www.spaestonia.ee\/resort\/#\/schema\/logo\/image\/"},"sameAs":["https:\/\/www.facebook.com\/EstoniaResortHotel"]}]}},"_links":{"self":[{"href":"https:\/\/www.spaestonia.ee\/resort\/wp-json\/wp\/v2\/pages\/5249","targetHints":{"allow":["GET"]}}],"collection":[{"href":"https:\/\/www.spaestonia.ee\/resort\/wp-json\/wp\/v2\/pages"}],"about":[{"href":"https:\/\/www.spaestonia.ee\/resort\/wp-json\/wp\/v2\/types\/page"}],"author":[{"embeddable":true,"href":"https:\/\/www.spaestonia.ee\/resort\/wp-json\/wp\/v2\/users\/1"}],"replies":[{"embeddable":true,"href":"https:\/\/www.spaestonia.ee\/resort\/wp-json\/wp\/v2\/comments?post=5249"}],"version-history":[{"count":73,"href":"https:\/\/www.spaestonia.ee\/resort\/wp-json\/wp\/v2\/pages\/5249\/revisions"}],"predecessor-version":[{"id":46027,"href":"https:\/\/www.spaestonia.ee\/resort\/wp-json\/wp\/v2\/pages\/5249\/revisions\/46027"}],"wp:attachment":[{"href":"https:\/\/www.spaestonia.ee\/resort\/wp-json\/wp\/v2\/media?parent=5249"}],"curies":[{"name":"wp","href":"https:\/\/api.w.org\/{rel}","templated":true}]}}