{"id":8579,"date":"2016-05-26T10:30:29","date_gmt":"2016-05-26T07:30:29","guid":{"rendered":"https:\/\/www.spaestonia.ee\/resort\/?page_id=8579"},"modified":"2026-01-22T14:00:41","modified_gmt":"2026-01-22T12:00:41","slug":"noodi-kohvik","status":"publish","type":"page","link":"https:\/\/www.spaestonia.ee\/resort\/restoran-noot\/noodi-kohvik\/","title":{"rendered":"Kohvik NOOT &#8211; l\u00f5unapakkumised"},"content":{"rendered":"<h3><strong>Tule naudi l\u00f5unapakkumist Kohvikus NOOT!<\/strong><\/h3>\n<p>Kohviku rikkaliku ja tervisliku valikuga salatibaarist saate endale kokku panna meelep\u00e4rase salati. P\u00e4evasupp pakub kiiret ja sooja k\u00f5hut\u00e4it ning koogivalik suurep\u00e4rase energialaengu \u00fclej\u00e4\u00e4nud t\u00f6\u00f6p\u00e4evaks.<\/p>\n<h3><strong>Kohvik NOOT on avatud E-R 12-15<\/strong><\/h3>\n<p><strong>P\u00e4evapakkumised:<\/strong><\/p>\n<ul>\n<li>P\u00e4evasupp\u00a0<strong>4<\/strong>\u00a0<strong>\u20ac<\/strong><\/li>\n<li>P\u00e4evapraad salativalikuga<strong> 6,50 \u20ac<\/strong><\/li>\n<li>P\u00e4evamagustoit<strong> 3 \u20ac<\/strong><\/li>\n<li>Praad ja magustoit <strong>8,50 \u20ac<\/strong><\/li>\n<li>Supp ja magustoit <strong>6 \u20ac<\/strong><\/li>\n<\/ul>\n<p>Kohv, tee, kannuvesi ja v\u00e4rske sai on toidu k\u00f5rvale tasuta!<\/p>\n<p><span style=\"font-size: 16px;\">Palume arvestada, et p\u00e4evapakkumisi ei ole v\u00f5imalik tellida gruppidele.<\/span><\/p>\n<p><strong><span style=\"font-size: 16px;\">Tutvu meie p\u00e4evapakkumistega: <a href=\"https:\/\/www.facebook.com\/restoranNOOT\" target=\"_blank\" rel=\"noopener\"><img loading=\"lazy\" decoding=\"async\" class=\"alignnone wp-image-35374 \" src=\"http:\/\/www.spaestonia.ee\/resort\/wp-content\/uploads\/2022\/04\/FB-e1650630624510.png\" alt=\"\" width=\"37\" height=\"29\" \/><\/a><\/span><\/strong><\/p>\n<h3>Kui on soov l\u00f5unamen\u00fc\u00fc kaasa osta:<\/h3>\n<p>\u2013 L\u00f5unamen\u00fc\u00fc tellimusi v\u00f5tame vastu E-R kl 11.30-14.30: tel +372 440 1012.<br \/>\n\u2013 L\u00f5unamen\u00fc\u00fc tellimusi v\u00e4ljastame kl 12-15, palume tulla Kohvikusse NOOT<\/p>\n<hr \/>\n<p><strong>PARKIMINE:<br \/>\nP1 parkla\u00a0<\/strong>\u2013 tasuline<strong><br \/>\nP2 parkla\u00a0<\/strong>\u2013 1.05.\u201331.08 tasuline, muul ajal tasuta<br \/>\nLisainfo\u00a0<a href=\"https:\/\/www.spaestonia.ee\/resort\/meist\/asukoht-parkimine\/\">SIIN<\/a>.<\/p>\n<div class='gallery-article'><ul id='gallery-article0' class='list gallery-list galleryid-0 gallery-columns-4 gallery-size-thumbnail'><li class='gallery-item'>\n\t\t<p class='gallery-icon'>\n\t\t<a href='https:\/\/www.spaestonia.ee\/resort\/wp-content\/uploads\/2024\/04\/Kohvik-NOOT-10-1.jpg' title=\"\" data-rl_title=\"\" class=\"rl-gallery-link\" data-rl_caption=\"\" data-rel=\"lightbox-gallery-0\"><img loading=\"lazy\" decoding=\"async\" width=\"300\" height=\"300\" src=\"https:\/\/www.spaestonia.ee\/resort\/wp-content\/uploads\/2024\/04\/Kohvik-NOOT-10-1-300x300.jpg\" class=\"attachment-thumbnail size-thumbnail\" alt=\"Kohvik NOOT\" srcset=\"https:\/\/www.spaestonia.ee\/resort\/wp-content\/uploads\/2024\/04\/Kohvik-NOOT-10-1-300x300.jpg 300w, https:\/\/www.spaestonia.ee\/resort\/wp-content\/uploads\/2024\/04\/Kohvik-NOOT-10-1-181x181.jpg 181w\" sizes=\"auto, (max-width: 300px) 100vw, 300px\" \/><\/a>\n\t\t<\/p><\/li><li class='gallery-item'>\n\t\t<p class='gallery-icon'>\n\t\t<a href='https:\/\/www.spaestonia.ee\/resort\/wp-content\/uploads\/2024\/04\/Kohvik-NOOT-13.jpg' title=\"\" data-rl_title=\"\" class=\"rl-gallery-link\" data-rl_caption=\"\" data-rel=\"lightbox-gallery-0\"><img loading=\"lazy\" decoding=\"async\" width=\"300\" height=\"300\" src=\"https:\/\/www.spaestonia.ee\/resort\/wp-content\/uploads\/2024\/04\/Kohvik-NOOT-13-300x300.jpg\" class=\"attachment-thumbnail size-thumbnail\" alt=\"Kohvik NOOT\" srcset=\"https:\/\/www.spaestonia.ee\/resort\/wp-content\/uploads\/2024\/04\/Kohvik-NOOT-13-300x300.jpg 300w, https:\/\/www.spaestonia.ee\/resort\/wp-content\/uploads\/2024\/04\/Kohvik-NOOT-13-181x181.jpg 181w\" sizes=\"auto, (max-width: 300px) 100vw, 300px\" \/><\/a>\n\t\t<\/p><\/li><li class='gallery-item'>\n\t\t<p class='gallery-icon'>\n\t\t<a href='https:\/\/www.spaestonia.ee\/resort\/wp-content\/uploads\/2024\/04\/Kohvik-NOOT-4.jpg' title=\"\" data-rl_title=\"\" class=\"rl-gallery-link\" data-rl_caption=\"\" data-rel=\"lightbox-gallery-0\"><img loading=\"lazy\" decoding=\"async\" width=\"300\" height=\"300\" src=\"https:\/\/www.spaestonia.ee\/resort\/wp-content\/uploads\/2024\/04\/Kohvik-NOOT-4-300x300.jpg\" class=\"attachment-thumbnail size-thumbnail\" alt=\"Kohvik NOOT\" srcset=\"https:\/\/www.spaestonia.ee\/resort\/wp-content\/uploads\/2024\/04\/Kohvik-NOOT-4-300x300.jpg 300w, https:\/\/www.spaestonia.ee\/resort\/wp-content\/uploads\/2024\/04\/Kohvik-NOOT-4-181x181.jpg 181w\" sizes=\"auto, (max-width: 300px) 100vw, 300px\" \/><\/a>\n\t\t<\/p><\/li><li class='gallery-item'>\n\t\t<p class='gallery-icon'>\n\t\t<a href='https:\/\/www.spaestonia.ee\/resort\/wp-content\/uploads\/2024\/04\/Kohvik-NOOT-2.jpg' title=\"\" data-rl_title=\"\" class=\"rl-gallery-link\" data-rl_caption=\"\" data-rel=\"lightbox-gallery-0\"><img loading=\"lazy\" decoding=\"async\" width=\"300\" height=\"300\" src=\"https:\/\/www.spaestonia.ee\/resort\/wp-content\/uploads\/2024\/04\/Kohvik-NOOT-2-300x300.jpg\" class=\"attachment-thumbnail size-thumbnail\" alt=\"Kohvik NOOT\" srcset=\"https:\/\/www.spaestonia.ee\/resort\/wp-content\/uploads\/2024\/04\/Kohvik-NOOT-2-300x300.jpg 300w, https:\/\/www.spaestonia.ee\/resort\/wp-content\/uploads\/2024\/04\/Kohvik-NOOT-2-181x181.jpg 181w\" sizes=\"auto, (max-width: 300px) 100vw, 300px\" \/><\/a>\n\t\t<\/p><\/li><li class='gallery-item'>\n\t\t<p class='gallery-icon'>\n\t\t<a href='https:\/\/www.spaestonia.ee\/resort\/wp-content\/uploads\/2024\/04\/Kohvik-NOOT-3.jpg' title=\"\" data-rl_title=\"\" class=\"rl-gallery-link\" data-rl_caption=\"\" data-rel=\"lightbox-gallery-0\"><img loading=\"lazy\" decoding=\"async\" width=\"300\" height=\"300\" src=\"https:\/\/www.spaestonia.ee\/resort\/wp-content\/uploads\/2024\/04\/Kohvik-NOOT-3-300x300.jpg\" class=\"attachment-thumbnail size-thumbnail\" alt=\"Kohvik NOOT\" srcset=\"https:\/\/www.spaestonia.ee\/resort\/wp-content\/uploads\/2024\/04\/Kohvik-NOOT-3-300x300.jpg 300w, https:\/\/www.spaestonia.ee\/resort\/wp-content\/uploads\/2024\/04\/Kohvik-NOOT-3-181x181.jpg 181w\" sizes=\"auto, (max-width: 300px) 100vw, 300px\" \/><\/a>\n\t\t<\/p><\/li><li class='gallery-item'>\n\t\t<p class='gallery-icon'>\n\t\t<a href='https:\/\/www.spaestonia.ee\/resort\/wp-content\/uploads\/2024\/04\/Kohvik-NOOT-1.jpg' title=\"\" data-rl_title=\"\" class=\"rl-gallery-link\" data-rl_caption=\"\" data-rel=\"lightbox-gallery-0\"><img loading=\"lazy\" decoding=\"async\" width=\"300\" height=\"300\" src=\"https:\/\/www.spaestonia.ee\/resort\/wp-content\/uploads\/2024\/04\/Kohvik-NOOT-1-300x300.jpg\" class=\"attachment-thumbnail size-thumbnail\" alt=\"Kohvik NOOT\" srcset=\"https:\/\/www.spaestonia.ee\/resort\/wp-content\/uploads\/2024\/04\/Kohvik-NOOT-1-300x300.jpg 300w, https:\/\/www.spaestonia.ee\/resort\/wp-content\/uploads\/2024\/04\/Kohvik-NOOT-1-181x181.jpg 181w\" sizes=\"auto, (max-width: 300px) 100vw, 300px\" \/><\/a>\n\t\t<\/p><\/li><li class='gallery-item'>\n\t\t<p class='gallery-icon'>\n\t\t<a href='https:\/\/www.spaestonia.ee\/resort\/wp-content\/uploads\/2024\/04\/Kohvik-NOOT-8.jpg' title=\"\" data-rl_title=\"\" class=\"rl-gallery-link\" data-rl_caption=\"\" data-rel=\"lightbox-gallery-0\"><img loading=\"lazy\" decoding=\"async\" width=\"300\" height=\"300\" src=\"https:\/\/www.spaestonia.ee\/resort\/wp-content\/uploads\/2024\/04\/Kohvik-NOOT-8-300x300.jpg\" class=\"attachment-thumbnail size-thumbnail\" alt=\"Kohvik NOOT\" srcset=\"https:\/\/www.spaestonia.ee\/resort\/wp-content\/uploads\/2024\/04\/Kohvik-NOOT-8-300x300.jpg 300w, https:\/\/www.spaestonia.ee\/resort\/wp-content\/uploads\/2024\/04\/Kohvik-NOOT-8-181x181.jpg 181w\" sizes=\"auto, (max-width: 300px) 100vw, 300px\" \/><\/a>\n\t\t<\/p><\/li><li class='gallery-item'>\n\t\t<p class='gallery-icon'>\n\t\t<a href='https:\/\/www.spaestonia.ee\/resort\/wp-content\/uploads\/2024\/04\/Kohvik-NOOT-9.jpg' title=\"\" data-rl_title=\"\" class=\"rl-gallery-link\" data-rl_caption=\"\" data-rel=\"lightbox-gallery-0\"><img loading=\"lazy\" decoding=\"async\" width=\"300\" height=\"300\" src=\"https:\/\/www.spaestonia.ee\/resort\/wp-content\/uploads\/2024\/04\/Kohvik-NOOT-9-300x300.jpg\" class=\"attachment-thumbnail size-thumbnail\" alt=\"Kohvik NOOT\" srcset=\"https:\/\/www.spaestonia.ee\/resort\/wp-content\/uploads\/2024\/04\/Kohvik-NOOT-9-300x300.jpg 300w, https:\/\/www.spaestonia.ee\/resort\/wp-content\/uploads\/2024\/04\/Kohvik-NOOT-9-181x181.jpg 181w\" sizes=\"auto, (max-width: 300px) 100vw, 300px\" \/><\/a>\n\t\t<\/p><\/li><\/ul>\n<\/div>\n\n<p><strong>Kohvik NOOT<\/strong><br \/>\nA. H. Tammsaare pst 4a, P\u00e4rnu (sisenemine Aia tn poolt)<br \/>\nLisainfo:\u00a0440 1012,\u00a0<a href=\"mailto:noot@spaestonia.ee\">noot@spaestonia.ee<\/a><\/p>\n","protected":false},"excerpt":{"rendered":"<p>Tule naudi l\u00f5unapakkumist Kohvikus NOOT! Kohviku rikkaliku ja tervisliku valikuga salatibaarist saate endale kokku panna&hellip;<\/p>\n","protected":false},"author":1,"featured_media":0,"parent":57,"menu_order":0,"comment_status":"closed","ping_status":"open","template":"","meta":{"footnotes":""},"class_list":["post-8579","page","type-page","status-publish","hentry"],"yoast_head":"<!-- This site is optimized with the Yoast SEO plugin v26.7 - https:\/\/yoast.com\/wordpress\/plugins\/seo\/ -->\n<title>Kohvik NOOT - l\u00f5unapakkumised - ESTONIA Resort Hotel Spa<\/title>\n<meta name=\"robots\" content=\"index, follow, max-snippet:-1, max-image-preview:large, max-video-preview:-1\" \/>\n<link rel=\"canonical\" href=\"https:\/\/www.spaestonia.ee\/resort\/restoran-noot\/noodi-kohvik\/\" \/>\n<meta property=\"og:locale\" content=\"et_EE\" \/>\n<meta property=\"og:type\" content=\"article\" \/>\n<meta property=\"og:title\" content=\"Kohvik NOOT - l\u00f5unapakkumised - ESTONIA Resort Hotel Spa\" \/>\n<meta property=\"og:description\" content=\"Tule naudi l\u00f5unapakkumist Kohvikus NOOT! Kohviku rikkaliku ja tervisliku valikuga salatibaarist saate endale kokku panna&hellip;\" \/>\n<meta property=\"og:url\" content=\"https:\/\/www.spaestonia.ee\/resort\/restoran-noot\/noodi-kohvik\/\" \/>\n<meta property=\"og:site_name\" content=\"ESTONIA Resort Hotel Spa\" \/>\n<meta property=\"article:publisher\" content=\"https:\/\/www.facebook.com\/EstoniaResortHotel\" \/>\n<meta property=\"article:modified_time\" content=\"2026-01-22T12:00:41+00:00\" \/>\n<meta property=\"og:image\" content=\"https:\/\/www.spaestonia.ee\/resort\/wp-content\/uploads\/2024\/04\/Kohvik-NOOT-10-1-300x300.jpg\" \/>\n<meta name=\"twitter:card\" content=\"summary_large_image\" \/>\n<meta name=\"twitter:label1\" content=\"Est. reading time\" \/>\n\t<meta name=\"twitter:data1\" content=\"1 minut\" \/>\n<script type=\"application\/ld+json\" class=\"yoast-schema-graph\">{\"@context\":\"https:\/\/schema.org\",\"@graph\":[{\"@type\":\"WebPage\",\"@id\":\"https:\/\/www.spaestonia.ee\/resort\/restoran-noot\/noodi-kohvik\/\",\"url\":\"https:\/\/www.spaestonia.ee\/resort\/restoran-noot\/noodi-kohvik\/\",\"name\":\"Kohvik NOOT - l\u00f5unapakkumised - ESTONIA Resort Hotel Spa\",\"isPartOf\":{\"@id\":\"https:\/\/www.spaestonia.ee\/resort\/#website\"},\"primaryImageOfPage\":{\"@id\":\"https:\/\/www.spaestonia.ee\/resort\/restoran-noot\/noodi-kohvik\/#primaryimage\"},\"image\":{\"@id\":\"https:\/\/www.spaestonia.ee\/resort\/restoran-noot\/noodi-kohvik\/#primaryimage\"},\"thumbnailUrl\":\"http:\/\/www.spaestonia.ee\/resort\/wp-content\/uploads\/2022\/04\/FB-e1650630624510.png\",\"datePublished\":\"2016-05-26T07:30:29+00:00\",\"dateModified\":\"2026-01-22T12:00:41+00:00\",\"breadcrumb\":{\"@id\":\"https:\/\/www.spaestonia.ee\/resort\/restoran-noot\/noodi-kohvik\/#breadcrumb\"},\"inLanguage\":\"et\",\"potentialAction\":[{\"@type\":\"ReadAction\",\"target\":[\"https:\/\/www.spaestonia.ee\/resort\/restoran-noot\/noodi-kohvik\/\"]}]},{\"@type\":\"ImageObject\",\"inLanguage\":\"et\",\"@id\":\"https:\/\/www.spaestonia.ee\/resort\/restoran-noot\/noodi-kohvik\/#primaryimage\",\"url\":\"https:\/\/www.spaestonia.ee\/resort\/wp-content\/uploads\/2022\/04\/FB-e1650630624510.png\",\"contentUrl\":\"https:\/\/www.spaestonia.ee\/resort\/wp-content\/uploads\/2022\/04\/FB-e1650630624510.png\",\"width\":225,\"height\":174},{\"@type\":\"BreadcrumbList\",\"@id\":\"https:\/\/www.spaestonia.ee\/resort\/restoran-noot\/noodi-kohvik\/#breadcrumb\",\"itemListElement\":[{\"@type\":\"ListItem\",\"position\":1,\"name\":\"Home\",\"item\":\"https:\/\/www.spaestonia.ee\/resort\/\"},{\"@type\":\"ListItem\",\"position\":2,\"name\":\"Restoran NOOT\",\"item\":\"https:\/\/www.spaestonia.ee\/resort\/restoran-noot\/\"},{\"@type\":\"ListItem\",\"position\":3,\"name\":\"Kohvik NOOT &#8211; l\u00f5unapakkumised\"}]},{\"@type\":\"WebSite\",\"@id\":\"https:\/\/www.spaestonia.ee\/resort\/#website\",\"url\":\"https:\/\/www.spaestonia.ee\/resort\/\",\"name\":\"ESTONIA Resort Hotel Spa\",\"description\":\"Your destination in P\u00e4rnu for wellness and events\",\"publisher\":{\"@id\":\"https:\/\/www.spaestonia.ee\/resort\/#organization\"},\"potentialAction\":[{\"@type\":\"SearchAction\",\"target\":{\"@type\":\"EntryPoint\",\"urlTemplate\":\"https:\/\/www.spaestonia.ee\/resort\/?s={search_term_string}\"},\"query-input\":{\"@type\":\"PropertyValueSpecification\",\"valueRequired\":true,\"valueName\":\"search_term_string\"}}],\"inLanguage\":\"et\"},{\"@type\":\"Organization\",\"@id\":\"https:\/\/www.spaestonia.ee\/resort\/#organization\",\"name\":\"ESTONIA Resort Hotel Spa\",\"url\":\"https:\/\/www.spaestonia.ee\/resort\/\",\"logo\":{\"@type\":\"ImageObject\",\"inLanguage\":\"et\",\"@id\":\"https:\/\/www.spaestonia.ee\/resort\/#\/schema\/logo\/image\/\",\"url\":\"https:\/\/www.spaestonia.ee\/resort\/wp-content\/uploads\/2025\/02\/resort-hotel-estonia.png\",\"contentUrl\":\"https:\/\/www.spaestonia.ee\/resort\/wp-content\/uploads\/2025\/02\/resort-hotel-estonia.png\",\"width\":400,\"height\":173,\"caption\":\"ESTONIA Resort Hotel Spa\"},\"image\":{\"@id\":\"https:\/\/www.spaestonia.ee\/resort\/#\/schema\/logo\/image\/\"},\"sameAs\":[\"https:\/\/www.facebook.com\/EstoniaResortHotel\"]}]}<\/script>\n<!-- \/ Yoast SEO plugin. -->","yoast_head_json":{"title":"Kohvik NOOT - l\u00f5unapakkumised - ESTONIA Resort Hotel Spa","robots":{"index":"index","follow":"follow","max-snippet":"max-snippet:-1","max-image-preview":"max-image-preview:large","max-video-preview":"max-video-preview:-1"},"canonical":"https:\/\/www.spaestonia.ee\/resort\/restoran-noot\/noodi-kohvik\/","og_locale":"et_EE","og_type":"article","og_title":"Kohvik NOOT - l\u00f5unapakkumised - ESTONIA Resort Hotel Spa","og_description":"Tule naudi l\u00f5unapakkumist Kohvikus NOOT! Kohviku rikkaliku ja tervisliku valikuga salatibaarist saate endale kokku panna&hellip;","og_url":"https:\/\/www.spaestonia.ee\/resort\/restoran-noot\/noodi-kohvik\/","og_site_name":"ESTONIA Resort Hotel Spa","article_publisher":"https:\/\/www.facebook.com\/EstoniaResortHotel","article_modified_time":"2026-01-22T12:00:41+00:00","og_image":[{"url":"https:\/\/www.spaestonia.ee\/resort\/wp-content\/uploads\/2024\/04\/Kohvik-NOOT-10-1-300x300.jpg","type":"","width":"","height":""}],"twitter_card":"summary_large_image","twitter_misc":{"Est. reading time":"1 minut"},"schema":{"@context":"https:\/\/schema.org","@graph":[{"@type":"WebPage","@id":"https:\/\/www.spaestonia.ee\/resort\/restoran-noot\/noodi-kohvik\/","url":"https:\/\/www.spaestonia.ee\/resort\/restoran-noot\/noodi-kohvik\/","name":"Kohvik NOOT - l\u00f5unapakkumised - ESTONIA Resort Hotel Spa","isPartOf":{"@id":"https:\/\/www.spaestonia.ee\/resort\/#website"},"primaryImageOfPage":{"@id":"https:\/\/www.spaestonia.ee\/resort\/restoran-noot\/noodi-kohvik\/#primaryimage"},"image":{"@id":"https:\/\/www.spaestonia.ee\/resort\/restoran-noot\/noodi-kohvik\/#primaryimage"},"thumbnailUrl":"http:\/\/www.spaestonia.ee\/resort\/wp-content\/uploads\/2022\/04\/FB-e1650630624510.png","datePublished":"2016-05-26T07:30:29+00:00","dateModified":"2026-01-22T12:00:41+00:00","breadcrumb":{"@id":"https:\/\/www.spaestonia.ee\/resort\/restoran-noot\/noodi-kohvik\/#breadcrumb"},"inLanguage":"et","potentialAction":[{"@type":"ReadAction","target":["https:\/\/www.spaestonia.ee\/resort\/restoran-noot\/noodi-kohvik\/"]}]},{"@type":"ImageObject","inLanguage":"et","@id":"https:\/\/www.spaestonia.ee\/resort\/restoran-noot\/noodi-kohvik\/#primaryimage","url":"https:\/\/www.spaestonia.ee\/resort\/wp-content\/uploads\/2022\/04\/FB-e1650630624510.png","contentUrl":"https:\/\/www.spaestonia.ee\/resort\/wp-content\/uploads\/2022\/04\/FB-e1650630624510.png","width":225,"height":174},{"@type":"BreadcrumbList","@id":"https:\/\/www.spaestonia.ee\/resort\/restoran-noot\/noodi-kohvik\/#breadcrumb","itemListElement":[{"@type":"ListItem","position":1,"name":"Home","item":"https:\/\/www.spaestonia.ee\/resort\/"},{"@type":"ListItem","position":2,"name":"Restoran NOOT","item":"https:\/\/www.spaestonia.ee\/resort\/restoran-noot\/"},{"@type":"ListItem","position":3,"name":"Kohvik NOOT &#8211; l\u00f5unapakkumised"}]},{"@type":"WebSite","@id":"https:\/\/www.spaestonia.ee\/resort\/#website","url":"https:\/\/www.spaestonia.ee\/resort\/","name":"ESTONIA Resort Hotel Spa","description":"Your destination in P\u00e4rnu for wellness and events","publisher":{"@id":"https:\/\/www.spaestonia.ee\/resort\/#organization"},"potentialAction":[{"@type":"SearchAction","target":{"@type":"EntryPoint","urlTemplate":"https:\/\/www.spaestonia.ee\/resort\/?s={search_term_string}"},"query-input":{"@type":"PropertyValueSpecification","valueRequired":true,"valueName":"search_term_string"}}],"inLanguage":"et"},{"@type":"Organization","@id":"https:\/\/www.spaestonia.ee\/resort\/#organization","name":"ESTONIA Resort Hotel Spa","url":"https:\/\/www.spaestonia.ee\/resort\/","logo":{"@type":"ImageObject","inLanguage":"et","@id":"https:\/\/www.spaestonia.ee\/resort\/#\/schema\/logo\/image\/","url":"https:\/\/www.spaestonia.ee\/resort\/wp-content\/uploads\/2025\/02\/resort-hotel-estonia.png","contentUrl":"https:\/\/www.spaestonia.ee\/resort\/wp-content\/uploads\/2025\/02\/resort-hotel-estonia.png","width":400,"height":173,"caption":"ESTONIA Resort Hotel Spa"},"image":{"@id":"https:\/\/www.spaestonia.ee\/resort\/#\/schema\/logo\/image\/"},"sameAs":["https:\/\/www.facebook.com\/EstoniaResortHotel"]}]}},"_links":{"self":[{"href":"https:\/\/www.spaestonia.ee\/resort\/wp-json\/wp\/v2\/pages\/8579","targetHints":{"allow":["GET"]}}],"collection":[{"href":"https:\/\/www.spaestonia.ee\/resort\/wp-json\/wp\/v2\/pages"}],"about":[{"href":"https:\/\/www.spaestonia.ee\/resort\/wp-json\/wp\/v2\/types\/page"}],"author":[{"embeddable":true,"href":"https:\/\/www.spaestonia.ee\/resort\/wp-json\/wp\/v2\/users\/1"}],"replies":[{"embeddable":true,"href":"https:\/\/www.spaestonia.ee\/resort\/wp-json\/wp\/v2\/comments?post=8579"}],"version-history":[{"count":205,"href":"https:\/\/www.spaestonia.ee\/resort\/wp-json\/wp\/v2\/pages\/8579\/revisions"}],"predecessor-version":[{"id":46182,"href":"https:\/\/www.spaestonia.ee\/resort\/wp-json\/wp\/v2\/pages\/8579\/revisions\/46182"}],"up":[{"embeddable":true,"href":"https:\/\/www.spaestonia.ee\/resort\/wp-json\/wp\/v2\/pages\/57"}],"wp:attachment":[{"href":"https:\/\/www.spaestonia.ee\/resort\/wp-json\/wp\/v2\/media?parent=8579"}],"curies":[{"name":"wp","href":"https:\/\/api.w.org\/{rel}","templated":true}]}}