{"id":8744,"date":"2016-06-09T17:47:49","date_gmt":"2016-06-09T14:47:49","guid":{"rendered":"https:\/\/www.spaestonia.ee\/resort\/?page_id=8744"},"modified":"2019-04-26T16:16:01","modified_gmt":"2019-04-26T13:16:01","slug":"euroopa-kohvimeistrid-kogunevad-oktoobris-parnus","status":"publish","type":"page","link":"https:\/\/www.spaestonia.ee\/resort\/meist\/ajalugu\/euroopa-kohvimeistrid-kogunevad-oktoobris-parnus\/","title":{"rendered":"Euroopa kohvimeistrid kogunevad oktoobris P\u00e4rnus \/ 06.06.2016"},"content":{"rendered":"<p>06.06.2016<\/p>\n<p>2016. a oktoobris toimub P\u00e4rnu uues spaa- ja konverentsihotellis Estonia Resort Hotel &amp; Spa 4* kaks rahvusvahelist konverentsi.<\/p>\n<p>5.-8. oktoobril 2016 on hotelli spaa- ja konverentsimaja ligi 100 Euroopa kohvir\u00f6stija p\u00e4ralt. <strong>Roaster Camp 2016<\/strong> raames toimuvad workshopid, seminarid, r\u00f6stimiskoolitused ja v\u00f5idur\u00f6stimised. Euroopa kohvir\u00f6stijate iga-aastast traditsioonilist tipps\u00fcndmust korraldab Roaster Guild of Europe, <a href=\"http:\/\/roasterguildofeurope.com\/roaster-camp\/16-estonia\/\" target=\"_blank\">http:\/\/roasterguildofeurope.com\/rc16\/<\/a>.<\/p>\n<p>10.-13. oktoobril 2016 toimub <strong>Barista Camp 2016<\/strong>, kuhu oodatakse 300 osalejat \u00fcle kogu Euroopa. \u00dcritus keskendub baristade koolitusele ja ideede ning kogemuste jagamisele. Neljap\u00e4evane konverents sisaldab ka Euroopa kohvivaldkonna tippspetsialistide loenguid ja esitlusi ning loomulikult kuuluvad programmi juurde h\u00f5rgud kohvimaitsed ja \u2013l\u00f5hnad. Baristade aasta tipps\u00fcndmust korraldab Barista Guild of Europe, <a href=\"http:\/\/www.baristaguildofeurope.com\/bc16b\/\" target=\"_blank\">http:\/\/www.baristaguildofeurope.com\/bc16b\/<\/a>.<\/p>\n<p>Barista Camp on iga-aastane \u00fcle-euroopaline kogunemine, mis 2014 toimus Kreeka pealinnas Ateenas, 2015 Itaalia kuurortlinnas Ricciones. P\u00e4rnu ja Estonia Resort Hotel &amp; Spa 4* valiti v\u00e4lja 44 kandidaadi hulgast, kus l\u00f5ppvoorus konkureeriti selliste Euroopa suurlinnadega nagu Kopenhaagen, G\u00f6teborg ja Vilnius. Kahe tipp-s\u00fcndmuse P\u00e4rnus korraldamist toetab ka P\u00e4rnu linn.<\/p>\n<p>Lisainfo:<\/p>\n<p>Ave Pill, Estonia Resort Hotel &amp; Spa m\u00fc\u00fcgi- ja turundusjuht, tel 372 5232 295, <a href=\"mailto:ave@spaestonia.ee\" target=\"_blank\">ave@spaestonia.ee<\/a><\/p>\n<table>\n<tbody>\n<tr>\n<td style=\"text-align: center;\"><a href=\"https:\/\/www.spaestonia.ee\/resort\/wp-content\/uploads\/2016\/06\/BGE_BC16_Quarter-Page-hi-res.png\" data-rel=\"lightbox-image-0\" data-rl_title=\"\" data-rl_caption=\"\" title=\"\"><img loading=\"lazy\" decoding=\"async\" class=\"alignnone size-medium wp-image-9259\" src=\"https:\/\/www.spaestonia.ee\/resort\/wp-content\/uploads\/2016\/06\/BGE_BC16_Quarter-Page-hi-res-210x300.png\" alt=\"Barista Camp 2016\" width=\"210\" height=\"300\" srcset=\"https:\/\/www.spaestonia.ee\/resort\/wp-content\/uploads\/2016\/06\/BGE_BC16_Quarter-Page-hi-res-210x300.png 210w, https:\/\/www.spaestonia.ee\/resort\/wp-content\/uploads\/2016\/06\/BGE_BC16_Quarter-Page-hi-res.png 531w\" sizes=\"auto, (max-width: 210px) 100vw, 210px\" \/><\/a><\/td>\n<td><a href=\"https:\/\/www.spaestonia.ee\/resort\/wp-content\/uploads\/2016\/06\/RGE_RC16_Quarter-Page-hi-res.png\" data-rel=\"lightbox-image-1\" data-rl_title=\"\" data-rl_caption=\"\" title=\"\">\u00a0 <img loading=\"lazy\" decoding=\"async\" class=\"alignnone size-medium wp-image-9263\" src=\"https:\/\/www.spaestonia.ee\/resort\/wp-content\/uploads\/2016\/06\/RGE_RC16_Quarter-Page-hi-res-210x300.png\" alt=\"Roaster Camp 2016\" width=\"210\" height=\"300\" srcset=\"https:\/\/www.spaestonia.ee\/resort\/wp-content\/uploads\/2016\/06\/RGE_RC16_Quarter-Page-hi-res-210x300.png 210w, https:\/\/www.spaestonia.ee\/resort\/wp-content\/uploads\/2016\/06\/RGE_RC16_Quarter-Page-hi-res.png 531w\" sizes=\"auto, (max-width: 210px) 100vw, 210px\" \/><\/a><\/td>\n<\/tr>\n<\/tbody>\n<\/table>\n<hr \/>\n<p>Estonia Resort Hotel &amp; Spa 4* on juulis 2015 avatud uue kontseptsiooniga spaa- ja konverentsihotell P\u00e4rnus. Hotellis on 106 k\u00f5igi mugavustega nelja t\u00e4rni tasemele vastavat hotellituba. Hotelli interj\u00f6\u00f6r ja teenustekontseptsioon ammutab inspiratsiooni Eesti loodusest, rahvuslikest traditsioonidest, k\u00e4sit\u00f6\u00f6st ja kultuurist. Hotelli spaa- ja konverentsimaja 1. korrusel asub konverentsikeskus enam kui 300 k\u00fclalisele. 2. ja 3. korrusel on k\u00fclastajate kasutuses ainulaadne spaa- ja saunakeskus koos aktiivspaaga, kus saab teadlikult tegeleda oma tervise, keha ja meele tasakaalustamisega.<\/p>\n","protected":false},"excerpt":{"rendered":"<p>06.06.2016 2016. a oktoobris toimub P\u00e4rnu uues spaa- ja konverentsihotellis Estonia Resort Hotel &amp; Spa&hellip;<\/p>\n","protected":false},"author":1,"featured_media":0,"parent":2276,"menu_order":0,"comment_status":"closed","ping_status":"open","template":"","meta":{"footnotes":""},"class_list":["post-8744","page","type-page","status-publish","hentry"],"yoast_head":"<!-- This site is optimized with the Yoast SEO plugin v26.7 - https:\/\/yoast.com\/wordpress\/plugins\/seo\/ -->\n<title>Euroopa kohvimeistrid kogunevad oktoobris P\u00e4rnus \/ 06.06.2016 - ESTONIA Resort Hotel Spa<\/title>\n<meta name=\"robots\" content=\"index, follow, max-snippet:-1, max-image-preview:large, max-video-preview:-1\" \/>\n<link rel=\"canonical\" href=\"https:\/\/www.spaestonia.ee\/resort\/meist\/ajalugu\/euroopa-kohvimeistrid-kogunevad-oktoobris-parnus\/\" \/>\n<meta property=\"og:locale\" content=\"et_EE\" \/>\n<meta property=\"og:type\" content=\"article\" \/>\n<meta property=\"og:title\" content=\"Euroopa kohvimeistrid kogunevad oktoobris P\u00e4rnus \/ 06.06.2016 - ESTONIA Resort Hotel Spa\" \/>\n<meta property=\"og:description\" content=\"06.06.2016 2016. a oktoobris toimub P\u00e4rnu uues spaa- ja konverentsihotellis Estonia Resort Hotel &amp; Spa&hellip;\" \/>\n<meta property=\"og:url\" content=\"https:\/\/www.spaestonia.ee\/resort\/meist\/ajalugu\/euroopa-kohvimeistrid-kogunevad-oktoobris-parnus\/\" \/>\n<meta property=\"og:site_name\" content=\"ESTONIA Resort Hotel Spa\" \/>\n<meta property=\"article:publisher\" content=\"https:\/\/www.facebook.com\/EstoniaResortHotel\" \/>\n<meta property=\"article:modified_time\" content=\"2019-04-26T13:16:01+00:00\" \/>\n<meta property=\"og:image\" content=\"https:\/\/www.spaestonia.ee\/resort\/wp-content\/uploads\/2016\/06\/BGE_BC16_Quarter-Page-hi-res-210x300.png\" \/>\n<meta name=\"twitter:card\" content=\"summary_large_image\" \/>\n<meta name=\"twitter:label1\" content=\"Est. reading time\" \/>\n\t<meta name=\"twitter:data1\" content=\"1 minut\" \/>\n<script type=\"application\/ld+json\" class=\"yoast-schema-graph\">{\"@context\":\"https:\/\/schema.org\",\"@graph\":[{\"@type\":\"WebPage\",\"@id\":\"https:\/\/www.spaestonia.ee\/resort\/meist\/ajalugu\/euroopa-kohvimeistrid-kogunevad-oktoobris-parnus\/\",\"url\":\"https:\/\/www.spaestonia.ee\/resort\/meist\/ajalugu\/euroopa-kohvimeistrid-kogunevad-oktoobris-parnus\/\",\"name\":\"Euroopa kohvimeistrid kogunevad oktoobris P\u00e4rnus \/ 06.06.2016 - ESTONIA Resort Hotel Spa\",\"isPartOf\":{\"@id\":\"https:\/\/www.spaestonia.ee\/resort\/#website\"},\"primaryImageOfPage\":{\"@id\":\"https:\/\/www.spaestonia.ee\/resort\/meist\/ajalugu\/euroopa-kohvimeistrid-kogunevad-oktoobris-parnus\/#primaryimage\"},\"image\":{\"@id\":\"https:\/\/www.spaestonia.ee\/resort\/meist\/ajalugu\/euroopa-kohvimeistrid-kogunevad-oktoobris-parnus\/#primaryimage\"},\"thumbnailUrl\":\"https:\/\/www.spaestonia.ee\/resort\/wp-content\/uploads\/2016\/06\/BGE_BC16_Quarter-Page-hi-res-210x300.png\",\"datePublished\":\"2016-06-09T14:47:49+00:00\",\"dateModified\":\"2019-04-26T13:16:01+00:00\",\"breadcrumb\":{\"@id\":\"https:\/\/www.spaestonia.ee\/resort\/meist\/ajalugu\/euroopa-kohvimeistrid-kogunevad-oktoobris-parnus\/#breadcrumb\"},\"inLanguage\":\"et\",\"potentialAction\":[{\"@type\":\"ReadAction\",\"target\":[\"https:\/\/www.spaestonia.ee\/resort\/meist\/ajalugu\/euroopa-kohvimeistrid-kogunevad-oktoobris-parnus\/\"]}]},{\"@type\":\"ImageObject\",\"inLanguage\":\"et\",\"@id\":\"https:\/\/www.spaestonia.ee\/resort\/meist\/ajalugu\/euroopa-kohvimeistrid-kogunevad-oktoobris-parnus\/#primaryimage\",\"url\":\"https:\/\/www.spaestonia.ee\/resort\/wp-content\/uploads\/2016\/06\/BGE_BC16_Quarter-Page-hi-res.png\",\"contentUrl\":\"https:\/\/www.spaestonia.ee\/resort\/wp-content\/uploads\/2016\/06\/BGE_BC16_Quarter-Page-hi-res.png\",\"width\":531,\"height\":755,\"caption\":\"Barista Camp 2016\"},{\"@type\":\"BreadcrumbList\",\"@id\":\"https:\/\/www.spaestonia.ee\/resort\/meist\/ajalugu\/euroopa-kohvimeistrid-kogunevad-oktoobris-parnus\/#breadcrumb\",\"itemListElement\":[{\"@type\":\"ListItem\",\"position\":1,\"name\":\"Home\",\"item\":\"https:\/\/www.spaestonia.ee\/resort\/\"},{\"@type\":\"ListItem\",\"position\":2,\"name\":\"Meist\",\"item\":\"https:\/\/www.spaestonia.ee\/resort\/meist\/\"},{\"@type\":\"ListItem\",\"position\":3,\"name\":\"Ajalugu. Pressiteated\",\"item\":\"https:\/\/www.spaestonia.ee\/resort\/meist\/ajalugu\/\"},{\"@type\":\"ListItem\",\"position\":4,\"name\":\"Euroopa kohvimeistrid kogunevad oktoobris P\u00e4rnus \/ 06.06.2016\"}]},{\"@type\":\"WebSite\",\"@id\":\"https:\/\/www.spaestonia.ee\/resort\/#website\",\"url\":\"https:\/\/www.spaestonia.ee\/resort\/\",\"name\":\"ESTONIA Resort Hotel Spa\",\"description\":\"Your destination in P\u00e4rnu for wellness and events\",\"publisher\":{\"@id\":\"https:\/\/www.spaestonia.ee\/resort\/#organization\"},\"potentialAction\":[{\"@type\":\"SearchAction\",\"target\":{\"@type\":\"EntryPoint\",\"urlTemplate\":\"https:\/\/www.spaestonia.ee\/resort\/?s={search_term_string}\"},\"query-input\":{\"@type\":\"PropertyValueSpecification\",\"valueRequired\":true,\"valueName\":\"search_term_string\"}}],\"inLanguage\":\"et\"},{\"@type\":\"Organization\",\"@id\":\"https:\/\/www.spaestonia.ee\/resort\/#organization\",\"name\":\"ESTONIA Resort Hotel Spa\",\"url\":\"https:\/\/www.spaestonia.ee\/resort\/\",\"logo\":{\"@type\":\"ImageObject\",\"inLanguage\":\"et\",\"@id\":\"https:\/\/www.spaestonia.ee\/resort\/#\/schema\/logo\/image\/\",\"url\":\"https:\/\/www.spaestonia.ee\/resort\/wp-content\/uploads\/2025\/02\/resort-hotel-estonia.png\",\"contentUrl\":\"https:\/\/www.spaestonia.ee\/resort\/wp-content\/uploads\/2025\/02\/resort-hotel-estonia.png\",\"width\":400,\"height\":173,\"caption\":\"ESTONIA Resort Hotel Spa\"},\"image\":{\"@id\":\"https:\/\/www.spaestonia.ee\/resort\/#\/schema\/logo\/image\/\"},\"sameAs\":[\"https:\/\/www.facebook.com\/EstoniaResortHotel\"]}]}<\/script>\n<!-- \/ Yoast SEO plugin. -->","yoast_head_json":{"title":"Euroopa kohvimeistrid kogunevad oktoobris P\u00e4rnus \/ 06.06.2016 - ESTONIA Resort Hotel Spa","robots":{"index":"index","follow":"follow","max-snippet":"max-snippet:-1","max-image-preview":"max-image-preview:large","max-video-preview":"max-video-preview:-1"},"canonical":"https:\/\/www.spaestonia.ee\/resort\/meist\/ajalugu\/euroopa-kohvimeistrid-kogunevad-oktoobris-parnus\/","og_locale":"et_EE","og_type":"article","og_title":"Euroopa kohvimeistrid kogunevad oktoobris P\u00e4rnus \/ 06.06.2016 - ESTONIA Resort Hotel Spa","og_description":"06.06.2016 2016. a oktoobris toimub P\u00e4rnu uues spaa- ja konverentsihotellis Estonia Resort Hotel &amp; Spa&hellip;","og_url":"https:\/\/www.spaestonia.ee\/resort\/meist\/ajalugu\/euroopa-kohvimeistrid-kogunevad-oktoobris-parnus\/","og_site_name":"ESTONIA Resort Hotel Spa","article_publisher":"https:\/\/www.facebook.com\/EstoniaResortHotel","article_modified_time":"2019-04-26T13:16:01+00:00","og_image":[{"url":"https:\/\/www.spaestonia.ee\/resort\/wp-content\/uploads\/2016\/06\/BGE_BC16_Quarter-Page-hi-res-210x300.png","type":"","width":"","height":""}],"twitter_card":"summary_large_image","twitter_misc":{"Est. reading time":"1 minut"},"schema":{"@context":"https:\/\/schema.org","@graph":[{"@type":"WebPage","@id":"https:\/\/www.spaestonia.ee\/resort\/meist\/ajalugu\/euroopa-kohvimeistrid-kogunevad-oktoobris-parnus\/","url":"https:\/\/www.spaestonia.ee\/resort\/meist\/ajalugu\/euroopa-kohvimeistrid-kogunevad-oktoobris-parnus\/","name":"Euroopa kohvimeistrid kogunevad oktoobris P\u00e4rnus \/ 06.06.2016 - ESTONIA Resort Hotel Spa","isPartOf":{"@id":"https:\/\/www.spaestonia.ee\/resort\/#website"},"primaryImageOfPage":{"@id":"https:\/\/www.spaestonia.ee\/resort\/meist\/ajalugu\/euroopa-kohvimeistrid-kogunevad-oktoobris-parnus\/#primaryimage"},"image":{"@id":"https:\/\/www.spaestonia.ee\/resort\/meist\/ajalugu\/euroopa-kohvimeistrid-kogunevad-oktoobris-parnus\/#primaryimage"},"thumbnailUrl":"https:\/\/www.spaestonia.ee\/resort\/wp-content\/uploads\/2016\/06\/BGE_BC16_Quarter-Page-hi-res-210x300.png","datePublished":"2016-06-09T14:47:49+00:00","dateModified":"2019-04-26T13:16:01+00:00","breadcrumb":{"@id":"https:\/\/www.spaestonia.ee\/resort\/meist\/ajalugu\/euroopa-kohvimeistrid-kogunevad-oktoobris-parnus\/#breadcrumb"},"inLanguage":"et","potentialAction":[{"@type":"ReadAction","target":["https:\/\/www.spaestonia.ee\/resort\/meist\/ajalugu\/euroopa-kohvimeistrid-kogunevad-oktoobris-parnus\/"]}]},{"@type":"ImageObject","inLanguage":"et","@id":"https:\/\/www.spaestonia.ee\/resort\/meist\/ajalugu\/euroopa-kohvimeistrid-kogunevad-oktoobris-parnus\/#primaryimage","url":"https:\/\/www.spaestonia.ee\/resort\/wp-content\/uploads\/2016\/06\/BGE_BC16_Quarter-Page-hi-res.png","contentUrl":"https:\/\/www.spaestonia.ee\/resort\/wp-content\/uploads\/2016\/06\/BGE_BC16_Quarter-Page-hi-res.png","width":531,"height":755,"caption":"Barista Camp 2016"},{"@type":"BreadcrumbList","@id":"https:\/\/www.spaestonia.ee\/resort\/meist\/ajalugu\/euroopa-kohvimeistrid-kogunevad-oktoobris-parnus\/#breadcrumb","itemListElement":[{"@type":"ListItem","position":1,"name":"Home","item":"https:\/\/www.spaestonia.ee\/resort\/"},{"@type":"ListItem","position":2,"name":"Meist","item":"https:\/\/www.spaestonia.ee\/resort\/meist\/"},{"@type":"ListItem","position":3,"name":"Ajalugu. Pressiteated","item":"https:\/\/www.spaestonia.ee\/resort\/meist\/ajalugu\/"},{"@type":"ListItem","position":4,"name":"Euroopa kohvimeistrid kogunevad oktoobris P\u00e4rnus \/ 06.06.2016"}]},{"@type":"WebSite","@id":"https:\/\/www.spaestonia.ee\/resort\/#website","url":"https:\/\/www.spaestonia.ee\/resort\/","name":"ESTONIA Resort Hotel Spa","description":"Your destination in P\u00e4rnu for wellness and events","publisher":{"@id":"https:\/\/www.spaestonia.ee\/resort\/#organization"},"potentialAction":[{"@type":"SearchAction","target":{"@type":"EntryPoint","urlTemplate":"https:\/\/www.spaestonia.ee\/resort\/?s={search_term_string}"},"query-input":{"@type":"PropertyValueSpecification","valueRequired":true,"valueName":"search_term_string"}}],"inLanguage":"et"},{"@type":"Organization","@id":"https:\/\/www.spaestonia.ee\/resort\/#organization","name":"ESTONIA Resort Hotel Spa","url":"https:\/\/www.spaestonia.ee\/resort\/","logo":{"@type":"ImageObject","inLanguage":"et","@id":"https:\/\/www.spaestonia.ee\/resort\/#\/schema\/logo\/image\/","url":"https:\/\/www.spaestonia.ee\/resort\/wp-content\/uploads\/2025\/02\/resort-hotel-estonia.png","contentUrl":"https:\/\/www.spaestonia.ee\/resort\/wp-content\/uploads\/2025\/02\/resort-hotel-estonia.png","width":400,"height":173,"caption":"ESTONIA Resort Hotel Spa"},"image":{"@id":"https:\/\/www.spaestonia.ee\/resort\/#\/schema\/logo\/image\/"},"sameAs":["https:\/\/www.facebook.com\/EstoniaResortHotel"]}]}},"_links":{"self":[{"href":"https:\/\/www.spaestonia.ee\/resort\/wp-json\/wp\/v2\/pages\/8744","targetHints":{"allow":["GET"]}}],"collection":[{"href":"https:\/\/www.spaestonia.ee\/resort\/wp-json\/wp\/v2\/pages"}],"about":[{"href":"https:\/\/www.spaestonia.ee\/resort\/wp-json\/wp\/v2\/types\/page"}],"author":[{"embeddable":true,"href":"https:\/\/www.spaestonia.ee\/resort\/wp-json\/wp\/v2\/users\/1"}],"replies":[{"embeddable":true,"href":"https:\/\/www.spaestonia.ee\/resort\/wp-json\/wp\/v2\/comments?post=8744"}],"version-history":[{"count":10,"href":"https:\/\/www.spaestonia.ee\/resort\/wp-json\/wp\/v2\/pages\/8744\/revisions"}],"predecessor-version":[{"id":24152,"href":"https:\/\/www.spaestonia.ee\/resort\/wp-json\/wp\/v2\/pages\/8744\/revisions\/24152"}],"up":[{"embeddable":true,"href":"https:\/\/www.spaestonia.ee\/resort\/wp-json\/wp\/v2\/pages\/2276"}],"wp:attachment":[{"href":"https:\/\/www.spaestonia.ee\/resort\/wp-json\/wp\/v2\/media?parent=8744"}],"curies":[{"name":"wp","href":"https:\/\/api.w.org\/{rel}","templated":true}]}}