{"id":8770,"date":"2016-06-09T18:06:06","date_gmt":"2016-06-09T15:06:06","guid":{"rendered":"https:\/\/www.spaestonia.ee\/resort\/?page_id=8770"},"modified":"2016-06-09T18:10:00","modified_gmt":"2016-06-09T15:10:00","slug":"estonia-spa-kuurorthotell-sai-baltimaade-parima-hotelliarenduse-tiitli","status":"publish","type":"page","link":"https:\/\/www.spaestonia.ee\/resort\/estonia-spa-kuurorthotell-sai-baltimaade-parima-hotelliarenduse-tiitli\/","title":{"rendered":"Estonia Spa kuurorthotell sai Baltimaade parima hotelliarenduse tiitli \/ 09.05.2016"},"content":{"rendered":"<p>09.05.2016<\/p>\n<p>5.-6. mail toimus Vilniuses Baltimaade kinnisvara investeeringute foorum 2016 (<a href=\"http:\/\/konferencijos.vz.lt\/breif2016\/en\/\">http:\/\/konferencijos.vz.lt\/breif2016\/en\/<\/a>). \u00dcrituse raames hinnati kolmes Balti riigis toimunud kinnisvara-arendusi 2014-2015 hooajal neljas kategoorias (<a href=\"http:\/\/konferencijos.vz.lt\/breif2016\/en\/awards\/\">http:\/\/konferencijos.vz.lt\/breif2016\/en\/awards\/<\/a>). Hotelliarenduse kategoorias sai parima tiitli P\u00e4rnus, 2015. a juulis avatud Estonia Spa uus kuurorthotell Estonia Resort Hotel &amp; Spa 4*. V\u00f5itja valiti v\u00e4lja viie hulgast, nende seas lisaks P\u00e4rnu uuele hotellile ka kaks hotelli Riias, \u00fcks Vilniuses ja \u00fcks Tallinnas. \u017d\u00fcriisse kuulusid nii kinnisvarafirmade kui ka Arhitektide Liitude esindajad.<\/p>\n<p>Hotellide puhul hinnati lisaks maja arhitektuurilisele renoveerimisele ka hotelli teenuseid ehk kontseptsiooni. Estonia Spa uue kuurorthotelli renoveerimise k\u00e4igus sai hotell ka t\u00e4iesti uue sisu. Senise traditsioonilise ravispaa ehk sanatooriumi asemel on n\u00fc\u00fcd klientide kasutada uudse eestimaise kontseptsiooniga hotell koos spaa- ja saunakeskusega, spaahoolitsused ja aktiivspaa ning konverentsikeskus.<\/p>\n<p>Estonia Spa\u2019l on hea meel, et ka meie l\u00f5unanaabrid on meid m\u00e4rganud ja \u00fcles leidnud. Loodame, et \u00fcha rohkem l\u00e4tlasi ja leedukaid leiab tee P\u00e4rnusse veetma spaapuhkust meie kodulinna k\u00f5rgetasemelistes spaades.<\/p>\n<p>Lisainfo:<br \/>\nAve Pill, Estonia Resort Hotel &amp; Spa m\u00fc\u00fcgi- ja turundusjuht, tel 372 5232 295, <a href=\"mailto:ave@spaestonia.ee\" target=\"_blank\">ave@spaestonia.ee<\/a><\/p>\n<hr \/>\n<p>Estonia Resort Hotel &amp; Spa 4* on juulis 2015 avatud uue kontseptsiooniga spaa- ja konverentsihotell P\u00e4rnus. Hotellis on 106 k\u00f5igi mugavustega nelja t\u00e4rni tasemele vastavat hotellituba. Hotelli interj\u00f6\u00f6r ja teenustekontseptsioon ammutab inspiratsiooni Eesti loodusest, rahvuslikest traditsioonidest, k\u00e4sit\u00f6\u00f6st ja kultuurist. Hotelli spaa- ja konverentsimaja 1. korrusel asub konverentsikeskus enam kui 300 k\u00fclalisele. 2. ja 3. korrusel on k\u00fclastajate kasutuses ainulaadne spaa- ja saunakeskus koos aktiivspaaga, kus saab teadlikult tegeleda oma tervise, keha ja meele tasakaalustamisega.<\/p>\n","protected":false},"excerpt":{"rendered":"<p>09.05.2016 5.-6. mail toimus Vilniuses Baltimaade kinnisvara investeeringute foorum 2016 (http:\/\/konferencijos.vz.lt\/breif2016\/en\/). \u00dcrituse raames hinnati kolmes&hellip;<\/p>\n","protected":false},"author":1,"featured_media":0,"parent":0,"menu_order":0,"comment_status":"closed","ping_status":"open","template":"","meta":{"footnotes":""},"class_list":["post-8770","page","type-page","status-publish","hentry"],"yoast_head":"<!-- This site is optimized with the Yoast SEO plugin v26.7 - https:\/\/yoast.com\/wordpress\/plugins\/seo\/ -->\n<title>Estonia Spa kuurorthotell sai Baltimaade parima hotelliarenduse tiitli \/ 09.05.2016 - ESTONIA Resort Hotel Spa<\/title>\n<meta name=\"robots\" content=\"index, follow, max-snippet:-1, max-image-preview:large, max-video-preview:-1\" \/>\n<link rel=\"canonical\" href=\"https:\/\/www.spaestonia.ee\/resort\/estonia-spa-kuurorthotell-sai-baltimaade-parima-hotelliarenduse-tiitli\/\" \/>\n<meta property=\"og:locale\" content=\"et_EE\" \/>\n<meta property=\"og:type\" content=\"article\" \/>\n<meta property=\"og:title\" content=\"Estonia Spa kuurorthotell sai Baltimaade parima hotelliarenduse tiitli \/ 09.05.2016 - ESTONIA Resort Hotel Spa\" \/>\n<meta property=\"og:description\" content=\"09.05.2016 5.-6. mail toimus Vilniuses Baltimaade kinnisvara investeeringute foorum 2016 (http:\/\/konferencijos.vz.lt\/breif2016\/en\/). \u00dcrituse raames hinnati kolmes&hellip;\" \/>\n<meta property=\"og:url\" content=\"https:\/\/www.spaestonia.ee\/resort\/estonia-spa-kuurorthotell-sai-baltimaade-parima-hotelliarenduse-tiitli\/\" \/>\n<meta property=\"og:site_name\" content=\"ESTONIA Resort Hotel Spa\" \/>\n<meta property=\"article:publisher\" content=\"https:\/\/www.facebook.com\/EstoniaResortHotel\" \/>\n<meta property=\"article:modified_time\" content=\"2016-06-09T15:10:00+00:00\" \/>\n<meta name=\"twitter:card\" content=\"summary_large_image\" \/>\n<meta name=\"twitter:label1\" content=\"Est. reading time\" \/>\n\t<meta name=\"twitter:data1\" content=\"1 minut\" \/>\n<script type=\"application\/ld+json\" class=\"yoast-schema-graph\">{\"@context\":\"https:\/\/schema.org\",\"@graph\":[{\"@type\":\"WebPage\",\"@id\":\"https:\/\/www.spaestonia.ee\/resort\/estonia-spa-kuurorthotell-sai-baltimaade-parima-hotelliarenduse-tiitli\/\",\"url\":\"https:\/\/www.spaestonia.ee\/resort\/estonia-spa-kuurorthotell-sai-baltimaade-parima-hotelliarenduse-tiitli\/\",\"name\":\"Estonia Spa kuurorthotell sai Baltimaade parima hotelliarenduse tiitli \/ 09.05.2016 - ESTONIA Resort Hotel Spa\",\"isPartOf\":{\"@id\":\"https:\/\/www.spaestonia.ee\/resort\/#website\"},\"datePublished\":\"2016-06-09T15:06:06+00:00\",\"dateModified\":\"2016-06-09T15:10:00+00:00\",\"breadcrumb\":{\"@id\":\"https:\/\/www.spaestonia.ee\/resort\/estonia-spa-kuurorthotell-sai-baltimaade-parima-hotelliarenduse-tiitli\/#breadcrumb\"},\"inLanguage\":\"et\",\"potentialAction\":[{\"@type\":\"ReadAction\",\"target\":[\"https:\/\/www.spaestonia.ee\/resort\/estonia-spa-kuurorthotell-sai-baltimaade-parima-hotelliarenduse-tiitli\/\"]}]},{\"@type\":\"BreadcrumbList\",\"@id\":\"https:\/\/www.spaestonia.ee\/resort\/estonia-spa-kuurorthotell-sai-baltimaade-parima-hotelliarenduse-tiitli\/#breadcrumb\",\"itemListElement\":[{\"@type\":\"ListItem\",\"position\":1,\"name\":\"Home\",\"item\":\"https:\/\/www.spaestonia.ee\/resort\/\"},{\"@type\":\"ListItem\",\"position\":2,\"name\":\"Estonia Spa kuurorthotell sai Baltimaade parima hotelliarenduse tiitli \/ 09.05.2016\"}]},{\"@type\":\"WebSite\",\"@id\":\"https:\/\/www.spaestonia.ee\/resort\/#website\",\"url\":\"https:\/\/www.spaestonia.ee\/resort\/\",\"name\":\"ESTONIA Resort Hotel Spa\",\"description\":\"Your destination in P\u00e4rnu for wellness and events\",\"publisher\":{\"@id\":\"https:\/\/www.spaestonia.ee\/resort\/#organization\"},\"potentialAction\":[{\"@type\":\"SearchAction\",\"target\":{\"@type\":\"EntryPoint\",\"urlTemplate\":\"https:\/\/www.spaestonia.ee\/resort\/?s={search_term_string}\"},\"query-input\":{\"@type\":\"PropertyValueSpecification\",\"valueRequired\":true,\"valueName\":\"search_term_string\"}}],\"inLanguage\":\"et\"},{\"@type\":\"Organization\",\"@id\":\"https:\/\/www.spaestonia.ee\/resort\/#organization\",\"name\":\"ESTONIA Resort Hotel Spa\",\"url\":\"https:\/\/www.spaestonia.ee\/resort\/\",\"logo\":{\"@type\":\"ImageObject\",\"inLanguage\":\"et\",\"@id\":\"https:\/\/www.spaestonia.ee\/resort\/#\/schema\/logo\/image\/\",\"url\":\"https:\/\/www.spaestonia.ee\/resort\/wp-content\/uploads\/2025\/02\/resort-hotel-estonia.png\",\"contentUrl\":\"https:\/\/www.spaestonia.ee\/resort\/wp-content\/uploads\/2025\/02\/resort-hotel-estonia.png\",\"width\":400,\"height\":173,\"caption\":\"ESTONIA Resort Hotel Spa\"},\"image\":{\"@id\":\"https:\/\/www.spaestonia.ee\/resort\/#\/schema\/logo\/image\/\"},\"sameAs\":[\"https:\/\/www.facebook.com\/EstoniaResortHotel\"]}]}<\/script>\n<!-- \/ Yoast SEO plugin. -->","yoast_head_json":{"title":"Estonia Spa kuurorthotell sai Baltimaade parima hotelliarenduse tiitli \/ 09.05.2016 - ESTONIA Resort Hotel Spa","robots":{"index":"index","follow":"follow","max-snippet":"max-snippet:-1","max-image-preview":"max-image-preview:large","max-video-preview":"max-video-preview:-1"},"canonical":"https:\/\/www.spaestonia.ee\/resort\/estonia-spa-kuurorthotell-sai-baltimaade-parima-hotelliarenduse-tiitli\/","og_locale":"et_EE","og_type":"article","og_title":"Estonia Spa kuurorthotell sai Baltimaade parima hotelliarenduse tiitli \/ 09.05.2016 - ESTONIA Resort Hotel Spa","og_description":"09.05.2016 5.-6. mail toimus Vilniuses Baltimaade kinnisvara investeeringute foorum 2016 (http:\/\/konferencijos.vz.lt\/breif2016\/en\/). \u00dcrituse raames hinnati kolmes&hellip;","og_url":"https:\/\/www.spaestonia.ee\/resort\/estonia-spa-kuurorthotell-sai-baltimaade-parima-hotelliarenduse-tiitli\/","og_site_name":"ESTONIA Resort Hotel Spa","article_publisher":"https:\/\/www.facebook.com\/EstoniaResortHotel","article_modified_time":"2016-06-09T15:10:00+00:00","twitter_card":"summary_large_image","twitter_misc":{"Est. reading time":"1 minut"},"schema":{"@context":"https:\/\/schema.org","@graph":[{"@type":"WebPage","@id":"https:\/\/www.spaestonia.ee\/resort\/estonia-spa-kuurorthotell-sai-baltimaade-parima-hotelliarenduse-tiitli\/","url":"https:\/\/www.spaestonia.ee\/resort\/estonia-spa-kuurorthotell-sai-baltimaade-parima-hotelliarenduse-tiitli\/","name":"Estonia Spa kuurorthotell sai Baltimaade parima hotelliarenduse tiitli \/ 09.05.2016 - ESTONIA Resort Hotel Spa","isPartOf":{"@id":"https:\/\/www.spaestonia.ee\/resort\/#website"},"datePublished":"2016-06-09T15:06:06+00:00","dateModified":"2016-06-09T15:10:00+00:00","breadcrumb":{"@id":"https:\/\/www.spaestonia.ee\/resort\/estonia-spa-kuurorthotell-sai-baltimaade-parima-hotelliarenduse-tiitli\/#breadcrumb"},"inLanguage":"et","potentialAction":[{"@type":"ReadAction","target":["https:\/\/www.spaestonia.ee\/resort\/estonia-spa-kuurorthotell-sai-baltimaade-parima-hotelliarenduse-tiitli\/"]}]},{"@type":"BreadcrumbList","@id":"https:\/\/www.spaestonia.ee\/resort\/estonia-spa-kuurorthotell-sai-baltimaade-parima-hotelliarenduse-tiitli\/#breadcrumb","itemListElement":[{"@type":"ListItem","position":1,"name":"Home","item":"https:\/\/www.spaestonia.ee\/resort\/"},{"@type":"ListItem","position":2,"name":"Estonia Spa kuurorthotell sai Baltimaade parima hotelliarenduse tiitli \/ 09.05.2016"}]},{"@type":"WebSite","@id":"https:\/\/www.spaestonia.ee\/resort\/#website","url":"https:\/\/www.spaestonia.ee\/resort\/","name":"ESTONIA Resort Hotel Spa","description":"Your destination in P\u00e4rnu for wellness and events","publisher":{"@id":"https:\/\/www.spaestonia.ee\/resort\/#organization"},"potentialAction":[{"@type":"SearchAction","target":{"@type":"EntryPoint","urlTemplate":"https:\/\/www.spaestonia.ee\/resort\/?s={search_term_string}"},"query-input":{"@type":"PropertyValueSpecification","valueRequired":true,"valueName":"search_term_string"}}],"inLanguage":"et"},{"@type":"Organization","@id":"https:\/\/www.spaestonia.ee\/resort\/#organization","name":"ESTONIA Resort Hotel Spa","url":"https:\/\/www.spaestonia.ee\/resort\/","logo":{"@type":"ImageObject","inLanguage":"et","@id":"https:\/\/www.spaestonia.ee\/resort\/#\/schema\/logo\/image\/","url":"https:\/\/www.spaestonia.ee\/resort\/wp-content\/uploads\/2025\/02\/resort-hotel-estonia.png","contentUrl":"https:\/\/www.spaestonia.ee\/resort\/wp-content\/uploads\/2025\/02\/resort-hotel-estonia.png","width":400,"height":173,"caption":"ESTONIA Resort Hotel Spa"},"image":{"@id":"https:\/\/www.spaestonia.ee\/resort\/#\/schema\/logo\/image\/"},"sameAs":["https:\/\/www.facebook.com\/EstoniaResortHotel"]}]}},"_links":{"self":[{"href":"https:\/\/www.spaestonia.ee\/resort\/wp-json\/wp\/v2\/pages\/8770","targetHints":{"allow":["GET"]}}],"collection":[{"href":"https:\/\/www.spaestonia.ee\/resort\/wp-json\/wp\/v2\/pages"}],"about":[{"href":"https:\/\/www.spaestonia.ee\/resort\/wp-json\/wp\/v2\/types\/page"}],"author":[{"embeddable":true,"href":"https:\/\/www.spaestonia.ee\/resort\/wp-json\/wp\/v2\/users\/1"}],"replies":[{"embeddable":true,"href":"https:\/\/www.spaestonia.ee\/resort\/wp-json\/wp\/v2\/comments?post=8770"}],"version-history":[{"count":2,"href":"https:\/\/www.spaestonia.ee\/resort\/wp-json\/wp\/v2\/pages\/8770\/revisions"}],"predecessor-version":[{"id":8772,"href":"https:\/\/www.spaestonia.ee\/resort\/wp-json\/wp\/v2\/pages\/8770\/revisions\/8772"}],"wp:attachment":[{"href":"https:\/\/www.spaestonia.ee\/resort\/wp-json\/wp\/v2\/media?parent=8770"}],"curies":[{"name":"wp","href":"https:\/\/api.w.org\/{rel}","templated":true}]}}