{"id":8775,"date":"2016-06-09T19:18:48","date_gmt":"2016-06-09T16:18:48","guid":{"rendered":"https:\/\/www.spaestonia.ee\/resort\/?page_id=8775"},"modified":"2016-06-09T19:23:45","modified_gmt":"2016-06-09T16:23:45","slug":"estonia-resort-hotel-spale-omistati-4-tarni","status":"publish","type":"page","link":"https:\/\/www.spaestonia.ee\/resort\/meist\/ajalugu\/estonia-resort-hotel-spale-omistati-4-tarni\/","title":{"rendered":"Estonia Resort Hotel &#038; Spa&#8217;le omistati 4* \/ 03.05.2016"},"content":{"rendered":"<p>03.05.2016<\/p>\n<p>2.mail omistas Eesti Hotellide ja Restoranide Liit P\u00e4rnu uuele spaa- ja konverentsihotellile Estonia Resort Hotel &amp; Spa ametlikult nelja t\u00e4rni hotelli staatuse j\u00e4rgmiseks viieks aastaks.<\/p>\n<p>Hotelli klientide jaoks on see eelk\u00f5ige kvaliteedigarantii ning seda eriti v\u00e4lisklientide jaoks, kes tulevad Eestisse puhkama v\u00f5i konverentse korraldama.<\/p>\n<p>Eestis haldab hotellide ametlikku t\u00e4rnis\u00fcsteemi Eesti Hotellide ja Restoranide Liit (EHRL, <a href=\"http:\/\/www.ehrl.ee\/\" target=\"_blank\">www.ehrl.ee<\/a>). T\u00e4rnis\u00fcsteem p\u00f5hineb Euroopas k\u00e4ivitatud <a href=\"http:\/\/www.hotelstars.eu\/\" target=\"_blank\">Hotelstars Unioni<\/a> poolt v\u00e4lja t\u00f6\u00f6tatud \u00fchtsel Euroopa t\u00e4rnis\u00fcsteemil.\u00a0 Hotelstar Unioni algatajateks olid seitse Euroopa riiki \u2013 \u0160veitsi, Saksamaa, Austria, Ungari, T\u0161ehhi, Holland ja Rootsi. S\u00fcsteemiga on liitunud lisaks Eestile ka L\u00e4ti, Leedu, Luksemburg, Malta, Belgia, Taani, Kreeka ja Liechtenstein. \u00dchtse Euroopa t\u00e4rnis\u00fcsteemi eesm\u00e4rgiks on aidata klientidel paremini orienteeruda ning ootusp\u00e4rast kvaliteeti hotellides saada. Euroopa \u00fchine t\u00e4rnis\u00fcsteemi j\u00e4rgi on juba klassifitseeritud enam kui 22 000 hotelli 16 riigis.<\/p>\n<p>Lisainfo:<br \/>\nAve Pill, Estonia Resort Hotel &amp; Spa m\u00fc\u00fcgi- ja turundusjuht, tel 372 5232 295, <a href=\"mailto:ave@spaestonia.ee\" target=\"_blank\">ave@spaestonia.ee<\/a><\/p>\n<hr \/>\n<p>Estonia Resort Hotel &amp; Spa 4* on juulis 2015 avatud uue kontseptsiooniga spaa- ja konverentsihotell P\u00e4rnus. Hotellis on 106 k\u00f5igi mugavustega nelja t\u00e4rni tasemele vastavat hotellituba. Hotelli interj\u00f6\u00f6r ja teenustekontseptsioon ammutab inspiratsiooni Eesti loodusest, rahvuslikest traditsioonidest, k\u00e4sit\u00f6\u00f6st ja kultuurist. Hotelli spaa- ja konverentsimaja 1. korrusel asub konverentsikeskus enam kui 300 k\u00fclalisele. 2. ja 3. korrusel on k\u00fclastajate kasutuses ainulaadne spaa- ja saunakeskus koos aktiivspaaga, kus saab teadlikult tegeleda oma tervise, keha ja meele tasakaalustamisega.<\/p>\n","protected":false},"excerpt":{"rendered":"<p>03.05.2016 2.mail omistas Eesti Hotellide ja Restoranide Liit P\u00e4rnu uuele spaa- ja konverentsihotellile Estonia Resort&hellip;<\/p>\n","protected":false},"author":1,"featured_media":0,"parent":2276,"menu_order":0,"comment_status":"closed","ping_status":"open","template":"","meta":{"footnotes":""},"class_list":["post-8775","page","type-page","status-publish","hentry"],"yoast_head":"<!-- This site is optimized with the Yoast SEO plugin v26.7 - https:\/\/yoast.com\/wordpress\/plugins\/seo\/ -->\n<title>Estonia Resort Hotel &amp; Spa&#039;le omistati 4* \/ 03.05.2016  - ESTONIA Resort Hotel Spa<\/title>\n<meta name=\"robots\" content=\"index, follow, max-snippet:-1, max-image-preview:large, max-video-preview:-1\" \/>\n<link rel=\"canonical\" href=\"https:\/\/www.spaestonia.ee\/resort\/meist\/ajalugu\/estonia-resort-hotel-spale-omistati-4-tarni\/\" \/>\n<meta property=\"og:locale\" content=\"et_EE\" \/>\n<meta property=\"og:type\" content=\"article\" \/>\n<meta property=\"og:title\" content=\"Estonia Resort Hotel &amp; Spa&#039;le omistati 4* \/ 03.05.2016  - ESTONIA Resort Hotel Spa\" \/>\n<meta property=\"og:description\" content=\"03.05.2016 2.mail omistas Eesti Hotellide ja Restoranide Liit P\u00e4rnu uuele spaa- ja konverentsihotellile Estonia Resort&hellip;\" \/>\n<meta property=\"og:url\" content=\"https:\/\/www.spaestonia.ee\/resort\/meist\/ajalugu\/estonia-resort-hotel-spale-omistati-4-tarni\/\" \/>\n<meta property=\"og:site_name\" content=\"ESTONIA Resort Hotel Spa\" \/>\n<meta property=\"article:publisher\" content=\"https:\/\/www.facebook.com\/EstoniaResortHotel\" \/>\n<meta property=\"article:modified_time\" content=\"2016-06-09T16:23:45+00:00\" \/>\n<meta name=\"twitter:card\" content=\"summary_large_image\" \/>\n<meta name=\"twitter:label1\" content=\"Est. reading time\" \/>\n\t<meta name=\"twitter:data1\" content=\"1 minut\" \/>\n<script type=\"application\/ld+json\" class=\"yoast-schema-graph\">{\"@context\":\"https:\/\/schema.org\",\"@graph\":[{\"@type\":\"WebPage\",\"@id\":\"https:\/\/www.spaestonia.ee\/resort\/meist\/ajalugu\/estonia-resort-hotel-spale-omistati-4-tarni\/\",\"url\":\"https:\/\/www.spaestonia.ee\/resort\/meist\/ajalugu\/estonia-resort-hotel-spale-omistati-4-tarni\/\",\"name\":\"Estonia Resort Hotel & Spa'le omistati 4* \/ 03.05.2016 - ESTONIA Resort Hotel Spa\",\"isPartOf\":{\"@id\":\"https:\/\/www.spaestonia.ee\/resort\/#website\"},\"datePublished\":\"2016-06-09T16:18:48+00:00\",\"dateModified\":\"2016-06-09T16:23:45+00:00\",\"breadcrumb\":{\"@id\":\"https:\/\/www.spaestonia.ee\/resort\/meist\/ajalugu\/estonia-resort-hotel-spale-omistati-4-tarni\/#breadcrumb\"},\"inLanguage\":\"et\",\"potentialAction\":[{\"@type\":\"ReadAction\",\"target\":[\"https:\/\/www.spaestonia.ee\/resort\/meist\/ajalugu\/estonia-resort-hotel-spale-omistati-4-tarni\/\"]}]},{\"@type\":\"BreadcrumbList\",\"@id\":\"https:\/\/www.spaestonia.ee\/resort\/meist\/ajalugu\/estonia-resort-hotel-spale-omistati-4-tarni\/#breadcrumb\",\"itemListElement\":[{\"@type\":\"ListItem\",\"position\":1,\"name\":\"Home\",\"item\":\"https:\/\/www.spaestonia.ee\/resort\/\"},{\"@type\":\"ListItem\",\"position\":2,\"name\":\"Meist\",\"item\":\"https:\/\/www.spaestonia.ee\/resort\/meist\/\"},{\"@type\":\"ListItem\",\"position\":3,\"name\":\"Ajalugu \/ Pressiteated\",\"item\":\"https:\/\/www.spaestonia.ee\/resort\/meist\/ajalugu\/\"},{\"@type\":\"ListItem\",\"position\":4,\"name\":\"Estonia Resort Hotel &#038; Spa&#8217;le omistati 4* \/ 03.05.2016\"}]},{\"@type\":\"WebSite\",\"@id\":\"https:\/\/www.spaestonia.ee\/resort\/#website\",\"url\":\"https:\/\/www.spaestonia.ee\/resort\/\",\"name\":\"ESTONIA Resort Hotel Spa\",\"description\":\"Your destination in P\u00e4rnu for wellness and events\",\"publisher\":{\"@id\":\"https:\/\/www.spaestonia.ee\/resort\/#organization\"},\"potentialAction\":[{\"@type\":\"SearchAction\",\"target\":{\"@type\":\"EntryPoint\",\"urlTemplate\":\"https:\/\/www.spaestonia.ee\/resort\/?s={search_term_string}\"},\"query-input\":{\"@type\":\"PropertyValueSpecification\",\"valueRequired\":true,\"valueName\":\"search_term_string\"}}],\"inLanguage\":\"et\"},{\"@type\":\"Organization\",\"@id\":\"https:\/\/www.spaestonia.ee\/resort\/#organization\",\"name\":\"ESTONIA Resort Hotel Spa\",\"url\":\"https:\/\/www.spaestonia.ee\/resort\/\",\"logo\":{\"@type\":\"ImageObject\",\"inLanguage\":\"et\",\"@id\":\"https:\/\/www.spaestonia.ee\/resort\/#\/schema\/logo\/image\/\",\"url\":\"https:\/\/www.spaestonia.ee\/resort\/wp-content\/uploads\/2025\/02\/resort-hotel-estonia.png\",\"contentUrl\":\"https:\/\/www.spaestonia.ee\/resort\/wp-content\/uploads\/2025\/02\/resort-hotel-estonia.png\",\"width\":400,\"height\":173,\"caption\":\"ESTONIA Resort Hotel Spa\"},\"image\":{\"@id\":\"https:\/\/www.spaestonia.ee\/resort\/#\/schema\/logo\/image\/\"},\"sameAs\":[\"https:\/\/www.facebook.com\/EstoniaResortHotel\"]}]}<\/script>\n<!-- \/ Yoast SEO plugin. -->","yoast_head_json":{"title":"Estonia Resort Hotel & Spa'le omistati 4* \/ 03.05.2016  - ESTONIA Resort Hotel Spa","robots":{"index":"index","follow":"follow","max-snippet":"max-snippet:-1","max-image-preview":"max-image-preview:large","max-video-preview":"max-video-preview:-1"},"canonical":"https:\/\/www.spaestonia.ee\/resort\/meist\/ajalugu\/estonia-resort-hotel-spale-omistati-4-tarni\/","og_locale":"et_EE","og_type":"article","og_title":"Estonia Resort Hotel & Spa'le omistati 4* \/ 03.05.2016  - ESTONIA Resort Hotel Spa","og_description":"03.05.2016 2.mail omistas Eesti Hotellide ja Restoranide Liit P\u00e4rnu uuele spaa- ja konverentsihotellile Estonia Resort&hellip;","og_url":"https:\/\/www.spaestonia.ee\/resort\/meist\/ajalugu\/estonia-resort-hotel-spale-omistati-4-tarni\/","og_site_name":"ESTONIA Resort Hotel Spa","article_publisher":"https:\/\/www.facebook.com\/EstoniaResortHotel","article_modified_time":"2016-06-09T16:23:45+00:00","twitter_card":"summary_large_image","twitter_misc":{"Est. reading time":"1 minut"},"schema":{"@context":"https:\/\/schema.org","@graph":[{"@type":"WebPage","@id":"https:\/\/www.spaestonia.ee\/resort\/meist\/ajalugu\/estonia-resort-hotel-spale-omistati-4-tarni\/","url":"https:\/\/www.spaestonia.ee\/resort\/meist\/ajalugu\/estonia-resort-hotel-spale-omistati-4-tarni\/","name":"Estonia Resort Hotel & Spa'le omistati 4* \/ 03.05.2016 - ESTONIA Resort Hotel Spa","isPartOf":{"@id":"https:\/\/www.spaestonia.ee\/resort\/#website"},"datePublished":"2016-06-09T16:18:48+00:00","dateModified":"2016-06-09T16:23:45+00:00","breadcrumb":{"@id":"https:\/\/www.spaestonia.ee\/resort\/meist\/ajalugu\/estonia-resort-hotel-spale-omistati-4-tarni\/#breadcrumb"},"inLanguage":"et","potentialAction":[{"@type":"ReadAction","target":["https:\/\/www.spaestonia.ee\/resort\/meist\/ajalugu\/estonia-resort-hotel-spale-omistati-4-tarni\/"]}]},{"@type":"BreadcrumbList","@id":"https:\/\/www.spaestonia.ee\/resort\/meist\/ajalugu\/estonia-resort-hotel-spale-omistati-4-tarni\/#breadcrumb","itemListElement":[{"@type":"ListItem","position":1,"name":"Home","item":"https:\/\/www.spaestonia.ee\/resort\/"},{"@type":"ListItem","position":2,"name":"Meist","item":"https:\/\/www.spaestonia.ee\/resort\/meist\/"},{"@type":"ListItem","position":3,"name":"Ajalugu \/ Pressiteated","item":"https:\/\/www.spaestonia.ee\/resort\/meist\/ajalugu\/"},{"@type":"ListItem","position":4,"name":"Estonia Resort Hotel &#038; Spa&#8217;le omistati 4* \/ 03.05.2016"}]},{"@type":"WebSite","@id":"https:\/\/www.spaestonia.ee\/resort\/#website","url":"https:\/\/www.spaestonia.ee\/resort\/","name":"ESTONIA Resort Hotel Spa","description":"Your destination in P\u00e4rnu for wellness and events","publisher":{"@id":"https:\/\/www.spaestonia.ee\/resort\/#organization"},"potentialAction":[{"@type":"SearchAction","target":{"@type":"EntryPoint","urlTemplate":"https:\/\/www.spaestonia.ee\/resort\/?s={search_term_string}"},"query-input":{"@type":"PropertyValueSpecification","valueRequired":true,"valueName":"search_term_string"}}],"inLanguage":"et"},{"@type":"Organization","@id":"https:\/\/www.spaestonia.ee\/resort\/#organization","name":"ESTONIA Resort Hotel Spa","url":"https:\/\/www.spaestonia.ee\/resort\/","logo":{"@type":"ImageObject","inLanguage":"et","@id":"https:\/\/www.spaestonia.ee\/resort\/#\/schema\/logo\/image\/","url":"https:\/\/www.spaestonia.ee\/resort\/wp-content\/uploads\/2025\/02\/resort-hotel-estonia.png","contentUrl":"https:\/\/www.spaestonia.ee\/resort\/wp-content\/uploads\/2025\/02\/resort-hotel-estonia.png","width":400,"height":173,"caption":"ESTONIA Resort Hotel Spa"},"image":{"@id":"https:\/\/www.spaestonia.ee\/resort\/#\/schema\/logo\/image\/"},"sameAs":["https:\/\/www.facebook.com\/EstoniaResortHotel"]}]}},"_links":{"self":[{"href":"https:\/\/www.spaestonia.ee\/resort\/wp-json\/wp\/v2\/pages\/8775","targetHints":{"allow":["GET"]}}],"collection":[{"href":"https:\/\/www.spaestonia.ee\/resort\/wp-json\/wp\/v2\/pages"}],"about":[{"href":"https:\/\/www.spaestonia.ee\/resort\/wp-json\/wp\/v2\/types\/page"}],"author":[{"embeddable":true,"href":"https:\/\/www.spaestonia.ee\/resort\/wp-json\/wp\/v2\/users\/1"}],"replies":[{"embeddable":true,"href":"https:\/\/www.spaestonia.ee\/resort\/wp-json\/wp\/v2\/comments?post=8775"}],"version-history":[{"count":5,"href":"https:\/\/www.spaestonia.ee\/resort\/wp-json\/wp\/v2\/pages\/8775\/revisions"}],"predecessor-version":[{"id":8789,"href":"https:\/\/www.spaestonia.ee\/resort\/wp-json\/wp\/v2\/pages\/8775\/revisions\/8789"}],"up":[{"embeddable":true,"href":"https:\/\/www.spaestonia.ee\/resort\/wp-json\/wp\/v2\/pages\/2276"}],"wp:attachment":[{"href":"https:\/\/www.spaestonia.ee\/resort\/wp-json\/wp\/v2\/media?parent=8775"}],"curies":[{"name":"wp","href":"https:\/\/api.w.org\/{rel}","templated":true}]}}