{"id":9523,"date":"2016-08-17T12:18:38","date_gmt":"2016-08-17T09:18:38","guid":{"rendered":"https:\/\/www.spaestonia.ee\/resort\/?page_id=9523"},"modified":"2026-01-09T11:35:31","modified_gmt":"2026-01-09T09:35:31","slug":"spaabaari-menuu","status":"publish","type":"page","link":"https:\/\/www.spaestonia.ee\/resort\/spaa-ja-saunakeskus\/spaabaari-menuu\/","title":{"rendered":"Spaabaar"},"content":{"rendered":"<h2>HOIAME KOOS LOODUST!<\/h2>\n<p>Oleme loobunud\u00a0 \u00fchekordsetest plastiktopsidest ning kasutame spaabaaris korduvkasutatavaid klaase.<\/p>\n<p>Et spaas ja saunades k\u00e4ik kehale t\u00f5eliselt kosutavalt m\u00f5juks, soovitame tarbida spaas viibimise ajal piisavalt vett. Selleks oleme paigaldanud spaa-alale joogivee purskkaevu, kus k\u00fclastajad saavad end igal hetkel turgutada.<\/p>\n<p>Spaabaaris pakume Sulle tervislikke kokteile ja v\u00e4ikese alkoholisisaldusega jooke.<\/p>\n<p><strong>SPA &amp; SAUN asub spaa- ja konverentsimaja 3. korrusel, aadressil A. H. Tammsaare 6, P\u00e4rnu.<\/p>\n<p><img loading=\"lazy\" decoding=\"async\" class=\"alignnone wp-image-46041\" src=\"http:\/\/www.spaestonia.ee\/resort\/wp-content\/uploads\/2026\/01\/Spaabaar-980x1200-1-scaled.jpg\" alt=\"Spaabaari men\u00fc\u00fc\" width=\"761\" height=\"932\" srcset=\"https:\/\/www.spaestonia.ee\/resort\/wp-content\/uploads\/2026\/01\/Spaabaar-980x1200-1-scaled.jpg 2090w, https:\/\/www.spaestonia.ee\/resort\/wp-content\/uploads\/2026\/01\/Spaabaar-980x1200-1-245x300.jpg 245w, https:\/\/www.spaestonia.ee\/resort\/wp-content\/uploads\/2026\/01\/Spaabaar-980x1200-1-836x1024.jpg 836w, https:\/\/www.spaestonia.ee\/resort\/wp-content\/uploads\/2026\/01\/Spaabaar-980x1200-1-768x941.jpg 768w, https:\/\/www.spaestonia.ee\/resort\/wp-content\/uploads\/2026\/01\/Spaabaar-980x1200-1-1254x1536.jpg 1254w, https:\/\/www.spaestonia.ee\/resort\/wp-content\/uploads\/2026\/01\/Spaabaar-980x1200-1-1672x2048.jpg 1672w\" sizes=\"auto, (max-width: 761px) 100vw, 761px\" \/><br \/>\n<\/strong><\/p>\n","protected":false},"excerpt":{"rendered":"<p>HOIAME KOOS LOODUST! Oleme loobunud\u00a0 \u00fchekordsetest plastiktopsidest ning kasutame spaabaaris korduvkasutatavaid klaase. Et spaas ja&hellip;<\/p>\n","protected":false},"author":1,"featured_media":0,"parent":351,"menu_order":0,"comment_status":"closed","ping_status":"open","template":"","meta":{"footnotes":""},"class_list":["post-9523","page","type-page","status-publish","hentry"],"yoast_head":"<!-- This site is optimized with the Yoast SEO plugin v26.7 - https:\/\/yoast.com\/wordpress\/plugins\/seo\/ -->\n<title>Spaabaar - ESTONIA Resort Hotel Spa<\/title>\n<meta name=\"description\" content=\"Spaabaari men\u00fc\u00fc\" \/>\n<meta name=\"robots\" content=\"index, follow, max-snippet:-1, max-image-preview:large, max-video-preview:-1\" \/>\n<link rel=\"canonical\" href=\"https:\/\/www.spaestonia.ee\/resort\/spaa-ja-saunakeskus\/spaabaari-menuu\/\" \/>\n<meta property=\"og:locale\" content=\"et_EE\" \/>\n<meta property=\"og:type\" content=\"article\" \/>\n<meta property=\"og:title\" content=\"Spaabaar - ESTONIA Resort Hotel Spa\" \/>\n<meta property=\"og:description\" content=\"Spaabaari men\u00fc\u00fc\" \/>\n<meta property=\"og:url\" content=\"https:\/\/www.spaestonia.ee\/resort\/spaa-ja-saunakeskus\/spaabaari-menuu\/\" \/>\n<meta property=\"og:site_name\" content=\"ESTONIA Resort Hotel Spa\" \/>\n<meta property=\"article:publisher\" content=\"https:\/\/www.facebook.com\/EstoniaResortHotel\" \/>\n<meta property=\"article:modified_time\" content=\"2026-01-09T09:35:31+00:00\" \/>\n<meta property=\"og:image\" content=\"http:\/\/www.spaestonia.ee\/resort\/wp-content\/uploads\/2026\/01\/Spaabaar-980x1200-1-scaled.jpg\" \/>\n<meta name=\"twitter:card\" content=\"summary_large_image\" \/>\n<meta name=\"twitter:label1\" content=\"Est. reading time\" \/>\n\t<meta name=\"twitter:data1\" content=\"1 minut\" \/>\n<script type=\"application\/ld+json\" class=\"yoast-schema-graph\">{\"@context\":\"https:\/\/schema.org\",\"@graph\":[{\"@type\":\"WebPage\",\"@id\":\"https:\/\/www.spaestonia.ee\/resort\/spaa-ja-saunakeskus\/spaabaari-menuu\/\",\"url\":\"https:\/\/www.spaestonia.ee\/resort\/spaa-ja-saunakeskus\/spaabaari-menuu\/\",\"name\":\"Spaabaar - ESTONIA Resort Hotel Spa\",\"isPartOf\":{\"@id\":\"https:\/\/www.spaestonia.ee\/resort\/#website\"},\"primaryImageOfPage\":{\"@id\":\"https:\/\/www.spaestonia.ee\/resort\/spaa-ja-saunakeskus\/spaabaari-menuu\/#primaryimage\"},\"image\":{\"@id\":\"https:\/\/www.spaestonia.ee\/resort\/spaa-ja-saunakeskus\/spaabaari-menuu\/#primaryimage\"},\"thumbnailUrl\":\"http:\/\/www.spaestonia.ee\/resort\/wp-content\/uploads\/2026\/01\/Spaabaar-980x1200-1-scaled.jpg\",\"datePublished\":\"2016-08-17T09:18:38+00:00\",\"dateModified\":\"2026-01-09T09:35:31+00:00\",\"description\":\"Spaabaari men\u00fc\u00fc\",\"breadcrumb\":{\"@id\":\"https:\/\/www.spaestonia.ee\/resort\/spaa-ja-saunakeskus\/spaabaari-menuu\/#breadcrumb\"},\"inLanguage\":\"et\",\"potentialAction\":[{\"@type\":\"ReadAction\",\"target\":[\"https:\/\/www.spaestonia.ee\/resort\/spaa-ja-saunakeskus\/spaabaari-menuu\/\"]}]},{\"@type\":\"ImageObject\",\"inLanguage\":\"et\",\"@id\":\"https:\/\/www.spaestonia.ee\/resort\/spaa-ja-saunakeskus\/spaabaari-menuu\/#primaryimage\",\"url\":\"https:\/\/www.spaestonia.ee\/resort\/wp-content\/uploads\/2026\/01\/Spaabaar-980x1200-1-scaled.jpg\",\"contentUrl\":\"https:\/\/www.spaestonia.ee\/resort\/wp-content\/uploads\/2026\/01\/Spaabaar-980x1200-1-scaled.jpg\",\"width\":2090,\"height\":2560,\"caption\":\"Spaabaari men\u00fc\u00fc\"},{\"@type\":\"BreadcrumbList\",\"@id\":\"https:\/\/www.spaestonia.ee\/resort\/spaa-ja-saunakeskus\/spaabaari-menuu\/#breadcrumb\",\"itemListElement\":[{\"@type\":\"ListItem\",\"position\":1,\"name\":\"Home\",\"item\":\"https:\/\/www.spaestonia.ee\/resort\/\"},{\"@type\":\"ListItem\",\"position\":2,\"name\":\"SPA &#038; SAUN ja spaahoolitsused\",\"item\":\"https:\/\/www.spaestonia.ee\/resort\/spaa-ja-saunakeskus\/\"},{\"@type\":\"ListItem\",\"position\":3,\"name\":\"Spaabaar\"}]},{\"@type\":\"WebSite\",\"@id\":\"https:\/\/www.spaestonia.ee\/resort\/#website\",\"url\":\"https:\/\/www.spaestonia.ee\/resort\/\",\"name\":\"ESTONIA Resort Hotel Spa\",\"description\":\"Your destination in P\u00e4rnu for wellness and events\",\"publisher\":{\"@id\":\"https:\/\/www.spaestonia.ee\/resort\/#organization\"},\"potentialAction\":[{\"@type\":\"SearchAction\",\"target\":{\"@type\":\"EntryPoint\",\"urlTemplate\":\"https:\/\/www.spaestonia.ee\/resort\/?s={search_term_string}\"},\"query-input\":{\"@type\":\"PropertyValueSpecification\",\"valueRequired\":true,\"valueName\":\"search_term_string\"}}],\"inLanguage\":\"et\"},{\"@type\":\"Organization\",\"@id\":\"https:\/\/www.spaestonia.ee\/resort\/#organization\",\"name\":\"ESTONIA Resort Hotel Spa\",\"url\":\"https:\/\/www.spaestonia.ee\/resort\/\",\"logo\":{\"@type\":\"ImageObject\",\"inLanguage\":\"et\",\"@id\":\"https:\/\/www.spaestonia.ee\/resort\/#\/schema\/logo\/image\/\",\"url\":\"https:\/\/www.spaestonia.ee\/resort\/wp-content\/uploads\/2025\/02\/resort-hotel-estonia.png\",\"contentUrl\":\"https:\/\/www.spaestonia.ee\/resort\/wp-content\/uploads\/2025\/02\/resort-hotel-estonia.png\",\"width\":400,\"height\":173,\"caption\":\"ESTONIA Resort Hotel Spa\"},\"image\":{\"@id\":\"https:\/\/www.spaestonia.ee\/resort\/#\/schema\/logo\/image\/\"},\"sameAs\":[\"https:\/\/www.facebook.com\/EstoniaResortHotel\"]}]}<\/script>\n<!-- \/ Yoast SEO plugin. -->","yoast_head_json":{"title":"Spaabaar - ESTONIA Resort Hotel Spa","description":"Spaabaari men\u00fc\u00fc","robots":{"index":"index","follow":"follow","max-snippet":"max-snippet:-1","max-image-preview":"max-image-preview:large","max-video-preview":"max-video-preview:-1"},"canonical":"https:\/\/www.spaestonia.ee\/resort\/spaa-ja-saunakeskus\/spaabaari-menuu\/","og_locale":"et_EE","og_type":"article","og_title":"Spaabaar - ESTONIA Resort Hotel Spa","og_description":"Spaabaari men\u00fc\u00fc","og_url":"https:\/\/www.spaestonia.ee\/resort\/spaa-ja-saunakeskus\/spaabaari-menuu\/","og_site_name":"ESTONIA Resort Hotel Spa","article_publisher":"https:\/\/www.facebook.com\/EstoniaResortHotel","article_modified_time":"2026-01-09T09:35:31+00:00","og_image":[{"url":"http:\/\/www.spaestonia.ee\/resort\/wp-content\/uploads\/2026\/01\/Spaabaar-980x1200-1-scaled.jpg","type":"","width":"","height":""}],"twitter_card":"summary_large_image","twitter_misc":{"Est. reading time":"1 minut"},"schema":{"@context":"https:\/\/schema.org","@graph":[{"@type":"WebPage","@id":"https:\/\/www.spaestonia.ee\/resort\/spaa-ja-saunakeskus\/spaabaari-menuu\/","url":"https:\/\/www.spaestonia.ee\/resort\/spaa-ja-saunakeskus\/spaabaari-menuu\/","name":"Spaabaar - ESTONIA Resort Hotel Spa","isPartOf":{"@id":"https:\/\/www.spaestonia.ee\/resort\/#website"},"primaryImageOfPage":{"@id":"https:\/\/www.spaestonia.ee\/resort\/spaa-ja-saunakeskus\/spaabaari-menuu\/#primaryimage"},"image":{"@id":"https:\/\/www.spaestonia.ee\/resort\/spaa-ja-saunakeskus\/spaabaari-menuu\/#primaryimage"},"thumbnailUrl":"http:\/\/www.spaestonia.ee\/resort\/wp-content\/uploads\/2026\/01\/Spaabaar-980x1200-1-scaled.jpg","datePublished":"2016-08-17T09:18:38+00:00","dateModified":"2026-01-09T09:35:31+00:00","description":"Spaabaari men\u00fc\u00fc","breadcrumb":{"@id":"https:\/\/www.spaestonia.ee\/resort\/spaa-ja-saunakeskus\/spaabaari-menuu\/#breadcrumb"},"inLanguage":"et","potentialAction":[{"@type":"ReadAction","target":["https:\/\/www.spaestonia.ee\/resort\/spaa-ja-saunakeskus\/spaabaari-menuu\/"]}]},{"@type":"ImageObject","inLanguage":"et","@id":"https:\/\/www.spaestonia.ee\/resort\/spaa-ja-saunakeskus\/spaabaari-menuu\/#primaryimage","url":"https:\/\/www.spaestonia.ee\/resort\/wp-content\/uploads\/2026\/01\/Spaabaar-980x1200-1-scaled.jpg","contentUrl":"https:\/\/www.spaestonia.ee\/resort\/wp-content\/uploads\/2026\/01\/Spaabaar-980x1200-1-scaled.jpg","width":2090,"height":2560,"caption":"Spaabaari men\u00fc\u00fc"},{"@type":"BreadcrumbList","@id":"https:\/\/www.spaestonia.ee\/resort\/spaa-ja-saunakeskus\/spaabaari-menuu\/#breadcrumb","itemListElement":[{"@type":"ListItem","position":1,"name":"Home","item":"https:\/\/www.spaestonia.ee\/resort\/"},{"@type":"ListItem","position":2,"name":"SPA &#038; SAUN ja spaahoolitsused","item":"https:\/\/www.spaestonia.ee\/resort\/spaa-ja-saunakeskus\/"},{"@type":"ListItem","position":3,"name":"Spaabaar"}]},{"@type":"WebSite","@id":"https:\/\/www.spaestonia.ee\/resort\/#website","url":"https:\/\/www.spaestonia.ee\/resort\/","name":"ESTONIA Resort Hotel Spa","description":"Your destination in P\u00e4rnu for wellness and events","publisher":{"@id":"https:\/\/www.spaestonia.ee\/resort\/#organization"},"potentialAction":[{"@type":"SearchAction","target":{"@type":"EntryPoint","urlTemplate":"https:\/\/www.spaestonia.ee\/resort\/?s={search_term_string}"},"query-input":{"@type":"PropertyValueSpecification","valueRequired":true,"valueName":"search_term_string"}}],"inLanguage":"et"},{"@type":"Organization","@id":"https:\/\/www.spaestonia.ee\/resort\/#organization","name":"ESTONIA Resort Hotel Spa","url":"https:\/\/www.spaestonia.ee\/resort\/","logo":{"@type":"ImageObject","inLanguage":"et","@id":"https:\/\/www.spaestonia.ee\/resort\/#\/schema\/logo\/image\/","url":"https:\/\/www.spaestonia.ee\/resort\/wp-content\/uploads\/2025\/02\/resort-hotel-estonia.png","contentUrl":"https:\/\/www.spaestonia.ee\/resort\/wp-content\/uploads\/2025\/02\/resort-hotel-estonia.png","width":400,"height":173,"caption":"ESTONIA Resort Hotel Spa"},"image":{"@id":"https:\/\/www.spaestonia.ee\/resort\/#\/schema\/logo\/image\/"},"sameAs":["https:\/\/www.facebook.com\/EstoniaResortHotel"]}]}},"_links":{"self":[{"href":"https:\/\/www.spaestonia.ee\/resort\/wp-json\/wp\/v2\/pages\/9523","targetHints":{"allow":["GET"]}}],"collection":[{"href":"https:\/\/www.spaestonia.ee\/resort\/wp-json\/wp\/v2\/pages"}],"about":[{"href":"https:\/\/www.spaestonia.ee\/resort\/wp-json\/wp\/v2\/types\/page"}],"author":[{"embeddable":true,"href":"https:\/\/www.spaestonia.ee\/resort\/wp-json\/wp\/v2\/users\/1"}],"replies":[{"embeddable":true,"href":"https:\/\/www.spaestonia.ee\/resort\/wp-json\/wp\/v2\/comments?post=9523"}],"version-history":[{"count":61,"href":"https:\/\/www.spaestonia.ee\/resort\/wp-json\/wp\/v2\/pages\/9523\/revisions"}],"predecessor-version":[{"id":46045,"href":"https:\/\/www.spaestonia.ee\/resort\/wp-json\/wp\/v2\/pages\/9523\/revisions\/46045"}],"up":[{"embeddable":true,"href":"https:\/\/www.spaestonia.ee\/resort\/wp-json\/wp\/v2\/pages\/351"}],"wp:attachment":[{"href":"https:\/\/www.spaestonia.ee\/resort\/wp-json\/wp\/v2\/media?parent=9523"}],"curies":[{"name":"wp","href":"https:\/\/api.w.org\/{rel}","templated":true}]}}